{"id":359,"date":"2026-02-02T20:49:00","date_gmt":"2026-02-02T23:49:00","guid":{"rendered":"https:\/\/arqui360.com\/?post_type=product&#038;p=359"},"modified":"2026-02-02T20:55:29","modified_gmt":"2026-02-02T23:55:29","slug":"racao-bionatural-caes-adultos-racas-pequenas-cordeiro-101kg","status":"publish","type":"product","link":"https:\/\/arqui360.com\/index.php\/product\/racao-bionatural-caes-adultos-racas-pequenas-cordeiro-101kg\/","title":{"rendered":"Ra\u00e7\u00e3o Bionatural Caes Adultos Ra\u00e7as Pequenas Cordeiro 10,1kg"},"content":{"rendered":"<p>A Ra\u00e7\u00e3o Bionatural para C\u00e3es Adultos de Ra\u00e7as Pequenas da Special Dog \u00e9 a escolha ideal para uma alimenta\u00e7\u00e3o saud\u00e1vel e saborosa para seu pet. Com um blend exclusivo de cordeiro, blueberry, coco e aveia, essa ra\u00e7\u00e3o proporciona uma experi\u00eancia gustativa \u00fanica, garantindo que seu c\u00e3o desfrute de cada refei\u00e7\u00e3o. A linha Super Premium da Special Dog assegura que seu animal receba o melhor em qualidade e sabor. O formato seco da ra\u00e7\u00e3o facilita a alimenta\u00e7\u00e3o e a conserva\u00e7\u00e3o, tornando-a pr\u00e1tica para o dia a dia. Escolher a Ra\u00e7\u00e3o Bionatural \u00e9 proporcionar ao seu c\u00e3o uma alimenta\u00e7\u00e3o que respeita sua sa\u00fade e bem-estar. Com 10,1 kg de pura qualidade, voc\u00ea estar\u00e1 investindo na felicidade e vitalidade do seu melhor amigo.<\/p>\n","protected":false},"excerpt":{"rendered":"<p>A Ra\u00e7\u00e3o Bionatural para C\u00e3es Adultos de Ra\u00e7as Pequenas da Special Dog \u00e9 a escolha ideal para uma alimenta\u00e7\u00e3o saud\u00e1vel e saborosa para seu pet. Com um blend exclusivo de cordeiro, blueberry, coco e aveia, essa ra\u00e7\u00e3o proporciona uma experi\u00eancia gustativa \u00fanica, garantindo que seu c\u00e3o desfrute de cada refei\u00e7\u00e3o. A linha Super Premium da [&hellip;]<\/p>\n","protected":false},"featured_media":364,"comment_status":"open","ping_status":"closed","template":"","meta":[],"product_brand":[],"product_cat":[20],"product_tag":[],"class_list":{"0":"post-359","1":"product","2":"type-product","3":"status-publish","4":"has-post-thumbnail","6":"product_cat-cachorros","8":"first","9":"instock","10":"shipping-taxable","11":"purchasable","12":"product-type-simple"},"_links":{"self":[{"href":"https:\/\/arqui360.com\/index.php\/wp-json\/wp\/v2\/product\/359","targetHints":{"allow":["GET"]}}],"collection":[{"href":"https:\/\/arqui360.com\/index.php\/wp-json\/wp\/v2\/product"}],"about":[{"href":"https:\/\/arqui360.com\/index.php\/wp-json\/wp\/v2\/types\/product"}],"replies":[{"embeddable":true,"href":"https:\/\/arqui360.com\/index.php\/wp-json\/wp\/v2\/comments?post=359"}],"wp:featuredmedia":[{"embeddable":true,"href":"https:\/\/arqui360.com\/index.php\/wp-json\/wp\/v2\/media\/364"}],"wp:attachment":[{"href":"https:\/\/arqui360.com\/index.php\/wp-json\/wp\/v2\/media?parent=359"}],"wp:term":[{"taxonomy":"product_brand","embeddable":true,"href":"https:\/\/arqui360.com\/index.php\/wp-json\/wp\/v2\/product_brand?post=359"},{"taxonomy":"product_cat","embeddable":true,"href":"https:\/\/arqui360.com\/index.php\/wp-json\/wp\/v2\/product_cat?post=359"},{"taxonomy":"product_tag","embeddable":true,"href":"https:\/\/arqui360.com\/index.php\/wp-json\/wp\/v2\/product_tag?post=359"}],"curies":[{"name":"wp","href":"https:\/\/api.w.org\/{rel}","templated":true}]}}