{"id":360,"date":"2026-02-02T20:36:51","date_gmt":"2026-02-02T23:36:51","guid":{"rendered":"https:\/\/arqui360.com\/?post_type=product&#038;p=360"},"modified":"2026-02-02T20:55:53","modified_gmt":"2026-02-02T23:55:53","slug":"alimento-special-dog-premium-caes-adulto-de-todos-os-tamanhos-sabor-carne-de-15kg","status":"publish","type":"product","link":"https:\/\/arqui360.com\/index.php\/product\/alimento-special-dog-premium-caes-adulto-de-todos-os-tamanhos-sabor-carne-de-15kg\/","title":{"rendered":"Alimento Special Dog Premium C\u00e3es Adulto de Todos os Tamanhos Sabor Carne de 15kg"},"content":{"rendered":"<div class=\"ui-pdp-container__row ui-pdp-container__row--highlighted-features-title\">\n<h2 class=\"ui-vpp-text-alignment--left ui-pdp-color--BLACK ui-pdp-size--XSMALL ui-pdp-family--SEMIBOLD highlighted-features-title\">A sele\u00e7\u00e3o de um alimento adequado para o seu animal de estima\u00e7\u00e3o \u00e9 muito importante para garantir o seu crescimento, o desenvolvimento e a sa\u00fade. Com esta op\u00e7\u00e3o da Special Dog voc\u00ea poder\u00e1 cobrir as necessidades nutricionais e energ\u00e9ticas do seu c\u00e3o. Benef\u00edcios do alimento seco A maior vantagem do alimento seco para animais de estima\u00e7\u00e3o \u00e9 que ele pode ser armazenado por muito mais tempo sem se deteriorar e evita o aparecimento de fungos ou bact\u00e9rias. Al\u00e9m disso, este tipo de alimento ajuda a remover o t\u00e1rtaro e atrasar a forma\u00e7\u00e3o da placa dent\u00e1ria com o processo de mastiga\u00e7\u00e3o e tritura\u00e7\u00e3o. Prote\u00edna para uma nutri\u00e7\u00e3o completa Alimento rico em prote\u00edna animal de alto valor biol\u00f3gico, cont\u00e9m minerais como c\u00e1lcio, f\u00f3sforo, pot\u00e1ssio e ferro, vitaminas A, D e E, fibras e \u00e1cidos graxos essenciais. Estes nutrientes promovem o fortalecimento do sistema imunol\u00f3gico do seu animal de estima\u00e7\u00e3o e o bom funcionamento de seus sistemas vitais. Al\u00e9m disso, contribuem para a sa\u00fade da sua pelagem, pele e unhas e para a manuten\u00e7\u00e3o de seus tend\u00f5es, m\u00fasculos e ossos.<\/h2>\n<\/div>\n","protected":false},"excerpt":{"rendered":"<p>A sele\u00e7\u00e3o de um alimento adequado para o seu animal de estima\u00e7\u00e3o \u00e9 muito importante para garantir o seu crescimento, o desenvolvimento e a sa\u00fade. Com esta op\u00e7\u00e3o da Special Dog voc\u00ea poder\u00e1 cobrir as necessidades nutricionais e energ\u00e9ticas do seu c\u00e3o. Benef\u00edcios do alimento seco A maior vantagem do alimento seco para animais de [&hellip;]<\/p>\n","protected":false},"featured_media":361,"comment_status":"open","ping_status":"closed","template":"","meta":[],"product_brand":[],"product_cat":[20],"product_tag":[],"class_list":{"0":"post-360","1":"product","2":"type-product","3":"status-publish","4":"has-post-thumbnail","6":"product_cat-cachorros","8":"first","9":"instock","10":"shipping-taxable","11":"purchasable","12":"product-type-simple"},"_links":{"self":[{"href":"https:\/\/arqui360.com\/index.php\/wp-json\/wp\/v2\/product\/360","targetHints":{"allow":["GET"]}}],"collection":[{"href":"https:\/\/arqui360.com\/index.php\/wp-json\/wp\/v2\/product"}],"about":[{"href":"https:\/\/arqui360.com\/index.php\/wp-json\/wp\/v2\/types\/product"}],"replies":[{"embeddable":true,"href":"https:\/\/arqui360.com\/index.php\/wp-json\/wp\/v2\/comments?post=360"}],"wp:featuredmedia":[{"embeddable":true,"href":"https:\/\/arqui360.com\/index.php\/wp-json\/wp\/v2\/media\/361"}],"wp:attachment":[{"href":"https:\/\/arqui360.com\/index.php\/wp-json\/wp\/v2\/media?parent=360"}],"wp:term":[{"taxonomy":"product_brand","embeddable":true,"href":"https:\/\/arqui360.com\/index.php\/wp-json\/wp\/v2\/product_brand?post=360"},{"taxonomy":"product_cat","embeddable":true,"href":"https:\/\/arqui360.com\/index.php\/wp-json\/wp\/v2\/product_cat?post=360"},{"taxonomy":"product_tag","embeddable":true,"href":"https:\/\/arqui360.com\/index.php\/wp-json\/wp\/v2\/product_tag?post=360"}],"curies":[{"name":"wp","href":"https:\/\/api.w.org\/{rel}","templated":true}]}}