{"id":372,"date":"2026-02-02T21:18:54","date_gmt":"2026-02-03T00:18:54","guid":{"rendered":"https:\/\/arqui360.com\/?post_type=product&#038;p=372"},"modified":"2026-02-02T22:37:57","modified_gmt":"2026-02-03T01:37:57","slug":"racao-premier-ambientes-internos-caes-pequenos-adultos-12kg","status":"publish","type":"product","link":"https:\/\/arqui360.com\/index.php\/product\/racao-premier-ambientes-internos-caes-pequenos-adultos-12kg\/","title":{"rendered":"Ra\u00e7ao Premier Ambientes Internos C\u00e3es Pequenos Adultos 12kg"},"content":{"rendered":"<p>A sele\u00e7\u00e3o de um alimento adequado para o seu animal de estima\u00e7\u00e3o \u00e9 muito importante para garantir o seu crescimento, o desenvolvimento e a sa\u00fade. Com esta op\u00e7\u00e3o da Premier voc\u00ea poder\u00e1 cobrir as necessidades nutricionais e energ\u00e9ticas do seu gato. Seu animal de estima\u00e7\u00e3o sempre saud\u00e1vel Uma alimenta\u00e7\u00e3o balanceada \u00e9 essencial para que o seu fiel companheiro se mantenha saud\u00e1vel e forte. A dieta do seu gato \u00e9 refletida na sua pelagem, por isso \u00e9 de vital import\u00e2ncia que contenha todos os nutrientes necess\u00e1rios para o seu crescimento. Garanta a energia e a vitalidade do seu amigo para que ele possa correr, pular e jogar o dia todo. Benef\u00edcios do alimento seco A maior vantagem do alimento seco para animais de estima\u00e7\u00e3o \u00e9 que ele pode ser armazenado por muito mais tempo sem se deteriorar e evita o aparecimento de fungos ou bact\u00e9rias. Al\u00e9m disso, este tipo de alimento ajuda a remover o t\u00e1rtaro e atrasar a forma\u00e7\u00e3o da placa dent\u00e1ria com o processo de mastiga\u00e7\u00e3o e tritura\u00e7\u00e3o. Prote\u00edna para uma nutri\u00e7\u00e3o completa Alimento rico em prote\u00edna animal de alto valor biol\u00f3gico, cont\u00e9m minerais como c\u00e1lcio, f\u00f3sforo, pot\u00e1ssio e ferro, vitaminas A, D e E, fibras e \u00e1cidos graxos essenciais. Estes nutrientes promovem o fortalecimento do sistema imunol\u00f3gico do seu animal de estima\u00e7\u00e3o e o bom funcionamento de seus sistemas vitais. Al\u00e9m disso, contribuem para a sa\u00fade da sua pelagem, pele e unhas e para a manuten\u00e7\u00e3o de seus tend\u00f5es, m\u00fasculos e ossos.<\/p>\n","protected":false},"excerpt":{"rendered":"<div class=\"ui-pdp-container__row ui-pdp-container__row--highlighted-features-title\">\n<h2 class=\"ui-vpp-text-alignment--left ui-pdp-color--BLACK ui-pdp-size--XSMALL ui-pdp-family--SEMIBOLD highlighted-features-title\">O que voc\u00ea precisa saber sobre este produto<\/h2>\n<\/div>\n<div class=\"ui-pdp-container__row ui-pdp-container__row--highlighted-features\">\n<div class=\"ui-vpp-highlighted-specs__features\">\n<ul class=\"ui-vpp-highlighted-specs__features-list\">\n<li class=\"ui-vpp-highlighted-specs__features-list-item ui-pdp-color--BLACK ui-pdp-size--XSMALL ui-pdp-family--REGULAR\">Tipo de embalagem: Envelope<\/li>\n<li class=\"ui-vpp-highlighted-specs__features-list-item ui-pdp-color--BLACK ui-pdp-size--XSMALL ui-pdp-family--REGULAR\">Tamanho da ra\u00e7a: Pequena<\/li>\n<li class=\"ui-vpp-highlighted-specs__features-list-item ui-pdp-color--BLACK ui-pdp-size--XSMALL ui-pdp-family--REGULAR\">Unidades por kit: 1<\/li>\n<li class=\"ui-vpp-highlighted-specs__features-list-item ui-pdp-color--BLACK ui-pdp-size--XSMALL ui-pdp-family--REGULAR\">Tipo de comida para animais: Seca<\/li>\n<li class=\"ui-vpp-highlighted-specs__features-list-item ui-pdp-color--BLACK ui-pdp-size--XSMALL ui-pdp-family--REGULAR\">Peso da unidade: 12 kg<\/li>\n<li class=\"ui-vpp-highlighted-specs__features-list-item ui-pdp-color--BLACK ui-pdp-size--XSMALL ui-pdp-family--REGULAR\">Sabor: Frango\/Salm\u00e3o<\/li>\n<li class=\"ui-vpp-highlighted-specs__features-list-item ui-pdp-color--BLACK ui-pdp-size--XSMALL ui-pdp-family--REGULAR\">Necessidades especiais: pele brilhante.<\/li>\n<\/ul>\n<\/div>\n<\/div>\n","protected":false},"featured_media":373,"comment_status":"open","ping_status":"closed","template":"","meta":[],"product_brand":[],"product_cat":[20],"product_tag":[],"class_list":{"0":"post-372","1":"product","2":"type-product","3":"status-publish","4":"has-post-thumbnail","6":"product_cat-cachorros","8":"first","9":"instock","10":"shipping-taxable","11":"purchasable","12":"product-type-simple"},"_links":{"self":[{"href":"https:\/\/arqui360.com\/index.php\/wp-json\/wp\/v2\/product\/372","targetHints":{"allow":["GET"]}}],"collection":[{"href":"https:\/\/arqui360.com\/index.php\/wp-json\/wp\/v2\/product"}],"about":[{"href":"https:\/\/arqui360.com\/index.php\/wp-json\/wp\/v2\/types\/product"}],"replies":[{"embeddable":true,"href":"https:\/\/arqui360.com\/index.php\/wp-json\/wp\/v2\/comments?post=372"}],"wp:featuredmedia":[{"embeddable":true,"href":"https:\/\/arqui360.com\/index.php\/wp-json\/wp\/v2\/media\/373"}],"wp:attachment":[{"href":"https:\/\/arqui360.com\/index.php\/wp-json\/wp\/v2\/media?parent=372"}],"wp:term":[{"taxonomy":"product_brand","embeddable":true,"href":"https:\/\/arqui360.com\/index.php\/wp-json\/wp\/v2\/product_brand?post=372"},{"taxonomy":"product_cat","embeddable":true,"href":"https:\/\/arqui360.com\/index.php\/wp-json\/wp\/v2\/product_cat?post=372"},{"taxonomy":"product_tag","embeddable":true,"href":"https:\/\/arqui360.com\/index.php\/wp-json\/wp\/v2\/product_tag?post=372"}],"curies":[{"name":"wp","href":"https:\/\/api.w.org\/{rel}","templated":true}]}}