{"id":380,"date":"2026-02-02T21:25:59","date_gmt":"2026-02-03T00:25:59","guid":{"rendered":"https:\/\/arqui360.com\/?post_type=product&#038;p=380"},"modified":"2026-02-02T21:25:59","modified_gmt":"2026-02-03T00:25:59","slug":"kidan-mix-racao-cachorro-rigorosamente-balanceado-15kg","status":"publish","type":"product","link":"https:\/\/arqui360.com\/index.php\/product\/kidan-mix-racao-cachorro-rigorosamente-balanceado-15kg\/","title":{"rendered":"Kidan Mix ra\u00e7\u00e3o cachorro rigorosamente balanceado 15kg"},"content":{"rendered":"<p>Kidan<\/p>\n<p>Embalagens de 15 Kg<\/p>\n<p>INDICA\u00c7\u00c3O<br \/>\nKidan Mix Dog \u00e9 um alimento completo e pronto para ser servido ao seu c\u00e3o, rigorosamente balanceado, contendo vitaminas, minerais, prote\u00ednas de origem animal e vegetal de alta qualidade e antioxidante proporcionando \u00f3tima condi\u00e7\u00e3o corporal e longevidade.<br \/>\nN\u00e3o \u00e9 necess\u00e1rio adicionar qualquer outro alimento complementar. Ao iniciar a alimenta\u00e7\u00e3o com Kidan Mix Dog, fa\u00e7a-o de modo gradativo, misturando-a a sua alimenta\u00e7\u00e3o habitual. Mantenha o comedouro sempre limpo. Mantenha a embalagem sempre bem fechada, antes ou depois de abri-la, em local seco e arejado.<br \/>\nMantenha sempre \u00e1gua fresca a disposi\u00e7\u00e3o de seu c\u00e3o.<br \/>\nLeve seu c\u00e3o regularmente ao veterin\u00e1rio.<\/p>\n<p>MODO DE USAR<br \/>\nC\u00e3es miniaturas( ate 6kg) consumo ate 200 gramas\/dia, C\u00e3es pequenos (6 a 12 kg) consumo 200 a 400 gramas\/dia, C\u00e3es m\u00e9dios (12 a 25 kg) consumo de 400 a 800 gramas\/dia, C\u00e3es grandes (25 a 40 kg) consumo de 800 a 1200 gramas\/dia, C\u00e3es gigantes (acima 40 kg) consumo 1200 a 1600 gramas\/dia.<\/p>\n","protected":false},"excerpt":{"rendered":"<div class=\"ui-pdp-container__row ui-pdp-container__row--highlighted-features-title\">\n<h2 class=\"ui-vpp-text-alignment--left ui-pdp-color--BLACK ui-pdp-size--XSMALL ui-pdp-family--SEMIBOLD highlighted-features-title\">O que voc\u00ea precisa saber sobre este produto<\/h2>\n<\/div>\n<div class=\"ui-pdp-container__row ui-pdp-container__row--highlighted-features\">\n<div class=\"ui-vpp-highlighted-specs__features\">\n<ul class=\"ui-vpp-highlighted-specs__features-list\">\n<li class=\"ui-vpp-highlighted-specs__features-list-item ui-pdp-color--BLACK ui-pdp-size--XSMALL ui-pdp-family--REGULAR\">Peso l\u00edquido: 15 kg.<\/li>\n<li class=\"ui-vpp-highlighted-specs__features-list-item ui-pdp-color--BLACK ui-pdp-size--XSMALL ui-pdp-family--REGULAR\">Tipo de embalagem: Saco.<\/li>\n<li class=\"ui-vpp-highlighted-specs__features-list-item ui-pdp-color--BLACK ui-pdp-size--XSMALL ui-pdp-family--REGULAR\">Tamanho da ra\u00e7a: Todos os tamanhos.<\/li>\n<li class=\"ui-vpp-highlighted-specs__features-list-item ui-pdp-color--BLACK ui-pdp-size--XSMALL ui-pdp-family--REGULAR\">Unidades por kit: 1.<\/li>\n<li class=\"ui-vpp-highlighted-specs__features-list-item ui-pdp-color--BLACK ui-pdp-size--XSMALL ui-pdp-family--REGULAR\">Tipo de comida para animais: Seca.<\/li>\n<li class=\"ui-vpp-highlighted-specs__features-list-item ui-pdp-color--BLACK ui-pdp-size--XSMALL ui-pdp-family--REGULAR\">Peso da unidade: 15 kg.<\/li>\n<li class=\"ui-vpp-highlighted-specs__features-list-item ui-pdp-color--BLACK ui-pdp-size--XSMALL ui-pdp-family--REGULAR\">Recomendado para c\u00e3o todas as idades.<\/li>\n<li class=\"ui-vpp-highlighted-specs__features-list-item ui-pdp-color--BLACK ui-pdp-size--XSMALL ui-pdp-family--REGULAR\">Formulado para todos os tamanhos.<\/li>\n<li class=\"ui-vpp-highlighted-specs__features-list-item ui-pdp-color--BLACK ui-pdp-size--XSMALL ui-pdp-family--REGULAR\">Alimento seco.<\/li>\n<li class=\"ui-vpp-highlighted-specs__features-list-item ui-pdp-color--BLACK ui-pdp-size--XSMALL ui-pdp-family--REGULAR\">Sabor: mix.<\/li>\n<li class=\"ui-vpp-highlighted-specs__features-list-item ui-pdp-color--BLACK ui-pdp-size--XSMALL ui-pdp-family--REGULAR\">Sabor e nutri\u00e7\u00e3o completa para o seu animal de estima\u00e7\u00e3o.<\/li>\n<\/ul>\n<\/div>\n<\/div>\n","protected":false},"featured_media":381,"comment_status":"open","ping_status":"closed","template":"","meta":[],"product_brand":[],"product_cat":[20],"product_tag":[],"class_list":{"0":"post-380","1":"product","2":"type-product","3":"status-publish","4":"has-post-thumbnail","6":"product_cat-cachorros","8":"first","9":"instock","10":"shipping-taxable","11":"purchasable","12":"product-type-simple"},"_links":{"self":[{"href":"https:\/\/arqui360.com\/index.php\/wp-json\/wp\/v2\/product\/380","targetHints":{"allow":["GET"]}}],"collection":[{"href":"https:\/\/arqui360.com\/index.php\/wp-json\/wp\/v2\/product"}],"about":[{"href":"https:\/\/arqui360.com\/index.php\/wp-json\/wp\/v2\/types\/product"}],"replies":[{"embeddable":true,"href":"https:\/\/arqui360.com\/index.php\/wp-json\/wp\/v2\/comments?post=380"}],"wp:featuredmedia":[{"embeddable":true,"href":"https:\/\/arqui360.com\/index.php\/wp-json\/wp\/v2\/media\/381"}],"wp:attachment":[{"href":"https:\/\/arqui360.com\/index.php\/wp-json\/wp\/v2\/media?parent=380"}],"wp:term":[{"taxonomy":"product_brand","embeddable":true,"href":"https:\/\/arqui360.com\/index.php\/wp-json\/wp\/v2\/product_brand?post=380"},{"taxonomy":"product_cat","embeddable":true,"href":"https:\/\/arqui360.com\/index.php\/wp-json\/wp\/v2\/product_cat?post=380"},{"taxonomy":"product_tag","embeddable":true,"href":"https:\/\/arqui360.com\/index.php\/wp-json\/wp\/v2\/product_tag?post=380"}],"curies":[{"name":"wp","href":"https:\/\/api.w.org\/{rel}","templated":true}]}}