{"id":385,"date":"2026-02-02T21:36:02","date_gmt":"2026-02-03T00:36:02","guid":{"rendered":"https:\/\/arqui360.com\/?post_type=product&#038;p=385"},"modified":"2026-02-02T21:36:36","modified_gmt":"2026-02-03T00:36:36","slug":"racao-premier-para-caes-gastrointestinal-porte-pequeno-2kg","status":"publish","type":"product","link":"https:\/\/arqui360.com\/index.php\/product\/racao-premier-para-caes-gastrointestinal-porte-pequeno-2kg\/","title":{"rendered":"Ra\u00e7\u00e3o Premier Para C\u00e3es Gastrointestinal Porte Pequeno 2kg"},"content":{"rendered":"<p>PremieR Nutri\u00e7\u00e3o Cl\u00ednica Gastrointestinal C\u00e3es \u00e9 um alimento auxiliar no tratamento de altera\u00e7\u00f5es gastrointestinais em c\u00e3es filhotes e adultos. Al\u00e9m do tratamento prescrito pelo m\u00e9dico veterin\u00e1rio, algumas altera\u00e7\u00f5es na alimenta\u00e7\u00e3o podem ser ben\u00e9ficas para pacientes com altera\u00e7\u00f5es gastrointestinais. Os objetivos da dieta s\u00e3o: promover uma digest\u00e3o facilitada, auxiliar na sa\u00fade intestinal atrav\u00e9s da combina\u00e7\u00e3o exclusiva de prebi\u00f3ticos e fibras, al\u00e9m de ser rico em vitaminas do complexo B para uma reposi\u00e7\u00e3o adequada de nutrientes.<\/p>\n","protected":false},"excerpt":{"rendered":"<ul class=\"a-unordered-list a-vertical a-spacing-mini\">\n<li class=\"a-spacing-mini\"><span class=\"a-list-item\">Indicada para c\u00e3es de porte pequeno<\/span><\/li>\n<li class=\"a-spacing-mini\"><span class=\"a-list-item\">Alimento auxiliar no tratamento de altera\u00e7\u00f5es gastrointestinais<\/span><\/li>\n<li class=\"a-spacing-mini\"><span class=\"a-list-item\">Proporciona digest\u00e3o facilitada para o pet<\/span><\/li>\n<li class=\"a-spacing-mini\"><span class=\"a-list-item\">Conta com combina\u00e7\u00e3o exclusiva de prebi\u00f3ticos e fibras<\/span><\/li>\n<li class=\"a-spacing-mini\"><span class=\"a-list-item\">2kg<\/span><\/li>\n<\/ul>\n","protected":false},"featured_media":386,"comment_status":"open","ping_status":"closed","template":"","meta":[],"product_brand":[],"product_cat":[20],"product_tag":[],"class_list":{"0":"post-385","1":"product","2":"type-product","3":"status-publish","4":"has-post-thumbnail","6":"product_cat-cachorros","8":"first","9":"instock","10":"shipping-taxable","11":"purchasable","12":"product-type-simple"},"_links":{"self":[{"href":"https:\/\/arqui360.com\/index.php\/wp-json\/wp\/v2\/product\/385","targetHints":{"allow":["GET"]}}],"collection":[{"href":"https:\/\/arqui360.com\/index.php\/wp-json\/wp\/v2\/product"}],"about":[{"href":"https:\/\/arqui360.com\/index.php\/wp-json\/wp\/v2\/types\/product"}],"replies":[{"embeddable":true,"href":"https:\/\/arqui360.com\/index.php\/wp-json\/wp\/v2\/comments?post=385"}],"wp:featuredmedia":[{"embeddable":true,"href":"https:\/\/arqui360.com\/index.php\/wp-json\/wp\/v2\/media\/386"}],"wp:attachment":[{"href":"https:\/\/arqui360.com\/index.php\/wp-json\/wp\/v2\/media?parent=385"}],"wp:term":[{"taxonomy":"product_brand","embeddable":true,"href":"https:\/\/arqui360.com\/index.php\/wp-json\/wp\/v2\/product_brand?post=385"},{"taxonomy":"product_cat","embeddable":true,"href":"https:\/\/arqui360.com\/index.php\/wp-json\/wp\/v2\/product_cat?post=385"},{"taxonomy":"product_tag","embeddable":true,"href":"https:\/\/arqui360.com\/index.php\/wp-json\/wp\/v2\/product_tag?post=385"}],"curies":[{"name":"wp","href":"https:\/\/api.w.org\/{rel}","templated":true}]}}