{"id":389,"date":"2026-02-02T21:45:09","date_gmt":"2026-02-03T00:45:09","guid":{"rendered":"https:\/\/arqui360.com\/?post_type=product&#038;p=389"},"modified":"2026-02-02T21:45:09","modified_gmt":"2026-02-03T00:45:09","slug":"alimento-cooperacion-para-cao-adulto-de-raza-todos-os-tamanhos-sabor-cordeiro-e-aveia-de-10-1-kg","status":"publish","type":"product","link":"https:\/\/arqui360.com\/index.php\/product\/alimento-cooperacion-para-cao-adulto-de-raza-todos-os-tamanhos-sabor-cordeiro-e-aveia-de-10-1-kg\/","title":{"rendered":"Alimento Cooperaci\u00f3n para c\u00e3o adulto de raza todos os tamanhos sabor cordeiro e aveia de 10.1 kg"},"content":{"rendered":"<p>Ra\u00e7\u00e3o P\/caes Guabi Natural Adulto Mp Cordeiro E Aveia 10,1kg&#8217; \u00e9 um alimento completo para c\u00e3es adultos de pequeno porte, com cordeiro e aveia.<\/p>\n<p>BENEF\u00cdCIOS<br \/>\nADEQUADO PARA TODAS AS FASES DE VIDA, TAMANHO E NECESSIDADES<\/p>\n<p>Os alimentos Guabi Natural cont\u00eam ingredientes naturais, como vegetais e uma grande quantidade de carnes selecionadas. Assim como toda a linha Guabi Natural, foi desenvolvida por especialistas em nutri\u00e7\u00e3o e aprovada por veterin\u00e1rios para fornecer toda a qualidade e sa\u00fade que os pets precisam.<\/p>\n<p>CONTRIBUI PARA A SA\u00daDE DOS OSSOS E ARTICULA\u00c7\u00d5ES<br \/>\nCom ingredientes que ajudam na prote\u00e7\u00e3o e no fortalecimento do sistema \u00f3sseo e articular.<\/p>\n<p>AUXILIA NA REDU\u00c7\u00c3O DO ODOR DAS FEZES<br \/>\nCom extrato de Yucca.<\/p>\n<p>CONSERVADO NATURALMENTE<br \/>\nConservado com antioxidantes naturais.<\/p>\n<p>SEM TRANSG\u00caNICOS, CORANTES E AROMATIZANTES ARTIFICIAIS<\/p>\n<p>CARNES SELECIONADAS<br \/>\nCom uma grande quantidade de carnes selecionadas de alta palatabilidade e que, aliadas a fontes ricas de \u00f4megas 6\/3, contribuem para uma pele e pelagem mais saud\u00e1veis.<\/p>\n","protected":false},"excerpt":{"rendered":"<div class=\"ui-pdp-container__row ui-pdp-container__row--highlighted-features-title\">\n<h2 class=\"ui-vpp-text-alignment--left ui-pdp-color--BLACK ui-pdp-size--XSMALL ui-pdp-family--SEMIBOLD highlighted-features-title\">O que voc\u00ea precisa saber sobre este produto<\/h2>\n<\/div>\n<div class=\"ui-pdp-container__row ui-pdp-container__row--highlighted-features\">\n<div class=\"ui-vpp-highlighted-specs__features\">\n<ul class=\"ui-vpp-highlighted-specs__features-list\">\n<li class=\"ui-vpp-highlighted-specs__features-list-item ui-pdp-color--BLACK ui-pdp-size--XSMALL ui-pdp-family--REGULAR\">Peso l\u00edquido: 10.1 kg.<\/li>\n<li class=\"ui-vpp-highlighted-specs__features-list-item ui-pdp-color--BLACK ui-pdp-size--XSMALL ui-pdp-family--REGULAR\">Tipo de embalagem: Envelope.<\/li>\n<li class=\"ui-vpp-highlighted-specs__features-list-item ui-pdp-color--BLACK ui-pdp-size--XSMALL ui-pdp-family--REGULAR\">Tamanho da ra\u00e7a: Todos os tamanhos.<\/li>\n<li class=\"ui-vpp-highlighted-specs__features-list-item ui-pdp-color--BLACK ui-pdp-size--XSMALL ui-pdp-family--REGULAR\">Unidades por kit: 1.<\/li>\n<li class=\"ui-vpp-highlighted-specs__features-list-item ui-pdp-color--BLACK ui-pdp-size--XSMALL ui-pdp-family--REGULAR\">Tipo de comida para animais: Seca.<\/li>\n<li class=\"ui-vpp-highlighted-specs__features-list-item ui-pdp-color--BLACK ui-pdp-size--XSMALL ui-pdp-family--REGULAR\">Peso da unidade: 10.1 kg.<\/li>\n<li class=\"ui-vpp-highlighted-specs__features-list-item ui-pdp-color--BLACK ui-pdp-size--XSMALL ui-pdp-family--REGULAR\">Sabor: Cordeiro e Aveia.<\/li>\n<li class=\"ui-vpp-highlighted-specs__features-list-item ui-pdp-color--BLACK ui-pdp-size--XSMALL ui-pdp-family--REGULAR\">Ingredientes naturais com uma grande quantidade de carnes selecionadas.<\/li>\n<li class=\"ui-vpp-highlighted-specs__features-list-item ui-pdp-color--BLACK ui-pdp-size--XSMALL ui-pdp-family--REGULAR\">Contribui para a sa\u00fade dos ossos e articula\u00e7\u00f5es.<\/li>\n<li class=\"ui-vpp-highlighted-specs__features-list-item ui-pdp-color--BLACK ui-pdp-size--XSMALL ui-pdp-family--REGULAR\">Auxilia na redu\u00e7\u00e3o do odor das fezes.<\/li>\n<\/ul>\n<\/div>\n<\/div>\n","protected":false},"featured_media":390,"comment_status":"open","ping_status":"closed","template":"","meta":[],"product_brand":[],"product_cat":[20],"product_tag":[],"class_list":{"0":"post-389","1":"product","2":"type-product","3":"status-publish","4":"has-post-thumbnail","6":"product_cat-cachorros","8":"first","9":"instock","10":"shipping-taxable","11":"purchasable","12":"product-type-simple"},"_links":{"self":[{"href":"https:\/\/arqui360.com\/index.php\/wp-json\/wp\/v2\/product\/389","targetHints":{"allow":["GET"]}}],"collection":[{"href":"https:\/\/arqui360.com\/index.php\/wp-json\/wp\/v2\/product"}],"about":[{"href":"https:\/\/arqui360.com\/index.php\/wp-json\/wp\/v2\/types\/product"}],"replies":[{"embeddable":true,"href":"https:\/\/arqui360.com\/index.php\/wp-json\/wp\/v2\/comments?post=389"}],"wp:featuredmedia":[{"embeddable":true,"href":"https:\/\/arqui360.com\/index.php\/wp-json\/wp\/v2\/media\/390"}],"wp:attachment":[{"href":"https:\/\/arqui360.com\/index.php\/wp-json\/wp\/v2\/media?parent=389"}],"wp:term":[{"taxonomy":"product_brand","embeddable":true,"href":"https:\/\/arqui360.com\/index.php\/wp-json\/wp\/v2\/product_brand?post=389"},{"taxonomy":"product_cat","embeddable":true,"href":"https:\/\/arqui360.com\/index.php\/wp-json\/wp\/v2\/product_cat?post=389"},{"taxonomy":"product_tag","embeddable":true,"href":"https:\/\/arqui360.com\/index.php\/wp-json\/wp\/v2\/product_tag?post=389"}],"curies":[{"name":"wp","href":"https:\/\/api.w.org\/{rel}","templated":true}]}}