{"id":394,"date":"2026-02-02T21:53:06","date_gmt":"2026-02-03T00:53:06","guid":{"rendered":"https:\/\/arqui360.com\/?post_type=product&#038;p=394"},"modified":"2026-02-02T21:53:06","modified_gmt":"2026-02-03T00:53:06","slug":"racao-premier-ambientes-internos-dermacare-caes-adultos-racas-pequenas-salmao-25-kg","status":"publish","type":"product","link":"https:\/\/arqui360.com\/index.php\/product\/racao-premier-ambientes-internos-dermacare-caes-adultos-racas-pequenas-salmao-25-kg\/","title":{"rendered":"Ra\u00e7\u00e3o Premier Ambientes Internos Dermacare C\u00e3es Adultos Ra\u00e7as Pequenas Salm\u00e3o 2,5 kg"},"content":{"rendered":"<p class=\"body-text-md\">Formas de pagamento:\u00a0Visa, MasterCard, Diners Club, American Express; Boleto banc\u00e1rio; Elo e Apple Pay.<\/p>\n<div class=\"body-text-md\">* As promo\u00e7\u00f5es, parcerias e descontos contidos em nosso site n\u00e3o s\u00e3o cumulativos. Diante de duas ou mais promo\u00e7\u00f5es, ser\u00e1 necess\u00e1rio optar por aquela que melhor lhe conv\u00e9m, isentando a Cobasi de qualquer responsabilidade nesse sentido. Pre\u00e7os e condi\u00e7\u00f5es de pagamento exclusivos para compras via internet, podendo variar nas lojas f\u00edsicas. Todas as regras e promo\u00e7\u00f5es s\u00e3o v\u00e1lidas apenas para produtos vendidos e entregues pela Cobasi. Em caso de diverg\u00eancia de valores no site, o valor v\u00e1lido \u00e9 o do carrinho de compras.<\/div>\n<div class=\"footer_display_flex_column\">\n<p class=\"body-text-md\">COMPRA SEGURA. A Cobasi garante seguran\u00e7a para suas informa\u00e7\u00f5es pessoais e financeiras.<\/p>\n<p class=\"body-text-md\">Copyright 2026. Todos os direitos reservados \u00e0 Cobasi.<\/p>\n<\/div>\n","protected":false},"excerpt":{"rendered":"<div class=\"styles__TextInfoContent-sc-1qkvy0f-1 iXFCSC\">\n<p class=\"subtitle-md\">Informa\u00e7\u00f5es<\/p>\n<\/div>\n<div class=\"styles__ProductInformations-sc-1qkvy0f-2 cPWkQg\">\n<ul>\n<li><b>Produto em transi\u00e7\u00e3o de embalagem e altera\u00e7\u00e3o na composi\u00e7\u00e3o para antioxidantes naturais;<\/b><\/li>\n<li>Rico em biotina e \u00e1cidos graxos essenciais;<\/li>\n<li>Odor e volume das fezes reduzidos;<\/li>\n<li>Preven\u00e7\u00e3o da forma\u00e7\u00e3o do c\u00e1lculo dental;<\/li>\n<li>Manuten\u00e7\u00e3o da integridade da barreira cut\u00e2nea;<\/li>\n<li>Pelagem bonita e pele saud\u00e1vel.<\/li>\n<\/ul>\n<\/div>\n","protected":false},"featured_media":395,"comment_status":"open","ping_status":"closed","template":"","meta":[],"product_brand":[],"product_cat":[20],"product_tag":[],"class_list":{"0":"post-394","1":"product","2":"type-product","3":"status-publish","4":"has-post-thumbnail","6":"product_cat-cachorros","8":"first","9":"instock","10":"shipping-taxable","11":"purchasable","12":"product-type-simple"},"_links":{"self":[{"href":"https:\/\/arqui360.com\/index.php\/wp-json\/wp\/v2\/product\/394","targetHints":{"allow":["GET"]}}],"collection":[{"href":"https:\/\/arqui360.com\/index.php\/wp-json\/wp\/v2\/product"}],"about":[{"href":"https:\/\/arqui360.com\/index.php\/wp-json\/wp\/v2\/types\/product"}],"replies":[{"embeddable":true,"href":"https:\/\/arqui360.com\/index.php\/wp-json\/wp\/v2\/comments?post=394"}],"wp:featuredmedia":[{"embeddable":true,"href":"https:\/\/arqui360.com\/index.php\/wp-json\/wp\/v2\/media\/395"}],"wp:attachment":[{"href":"https:\/\/arqui360.com\/index.php\/wp-json\/wp\/v2\/media?parent=394"}],"wp:term":[{"taxonomy":"product_brand","embeddable":true,"href":"https:\/\/arqui360.com\/index.php\/wp-json\/wp\/v2\/product_brand?post=394"},{"taxonomy":"product_cat","embeddable":true,"href":"https:\/\/arqui360.com\/index.php\/wp-json\/wp\/v2\/product_cat?post=394"},{"taxonomy":"product_tag","embeddable":true,"href":"https:\/\/arqui360.com\/index.php\/wp-json\/wp\/v2\/product_tag?post=394"}],"curies":[{"name":"wp","href":"https:\/\/api.w.org\/{rel}","templated":true}]}}