{"id":400,"date":"2026-02-02T22:00:40","date_gmt":"2026-02-03T01:00:40","guid":{"rendered":"https:\/\/arqui360.com\/?post_type=product&#038;p=400"},"modified":"2026-02-02T22:37:33","modified_gmt":"2026-02-03T01:37:33","slug":"racao-premier-caes-adultos-raca-yorkshire-sabor-frango-25kg","status":"publish","type":"product","link":"https:\/\/arqui360.com\/index.php\/product\/racao-premier-caes-adultos-raca-yorkshire-sabor-frango-25kg\/","title":{"rendered":"Ra\u00e7\u00e3o Premier C\u00e3es Adultos Ra\u00e7a Yorkshire Sabor Frango 2,5kg"},"content":{"rendered":"<p>&#8211; Pelagem bonita e pele saud\u00e1vel atrav\u00e9s de \u00e1cidos graxos essenciais \u00f4megas 3 e 6, biotina e zinco;<\/p>\n<p>&#8211; Nutri\u00e7\u00e3o espec\u00edfica: cuidado com o trato urin\u00e1rio, atrav\u00e9s de pH urin\u00e1rio cientificamente balanceado;<\/p>\n<p>&#8211; Sa\u00fade intestinal: atrav\u00e9s da combina\u00e7\u00e3o de ingredientes de alta digestibilidade, fibras especiais e prebi\u00f3ticos;<\/p>\n<p>&#8211; Sa\u00fade oral: cont\u00e9m hexametafosfato de s\u00f3dio, importante ingrediente para a preven\u00e7\u00e3o da forma\u00e7\u00e3o do c\u00e1lculo dental.<\/p>\n<p>Desenvolvida com ingredientes nobres e alta tecnologia, Premier Ra\u00e7as Espec\u00edficas oferece benef\u00edcios exclusivos que visam minimizar os principais problemas de sa\u00fade das ra\u00e7as e auxiliar para o pleno desenvolvimento de suas caracter\u00edsticas t\u00edpicas desej\u00e1veis. A Ra\u00e7\u00e3o Premier Pet Ra\u00e7as Espec\u00edficas Yorkshire Adulto foi formulada a partir deste conceito e oferece tudo o que esta ra\u00e7a precisa para manter sua sa\u00fade e beleza. Oferece ainda redu\u00e7\u00e3o do volume e odor de fezes minimizando poss\u00edveis inconvenientes de uma conviv\u00eancia t\u00e3o pr\u00f3xima entre os c\u00e3es e seus propriet\u00e1rios.<\/p>\n<p>Ao trocar o alimento de seu pet, fa\u00e7a-o atrav\u00e9s de um per\u00edodo de transi\u00e7\u00e3o de aproximadamente 10 dias. A troca pode ser oferecida gradativamente da seguinte maneira:<\/p>\n<p>Do 1\u00ba ao 3\u00ba dia, ofere\u00e7a 25% da nova ra\u00e7\u00e3o com 75% do alimento habitual de seu pet.<br \/>\nDo 4\u00ba ao 6\u00ba dia, misture 50% da nova ra\u00e7\u00e3o e 50% do alimento habitual.<br \/>\nDo 7\u00ba ao 9\u00ba dia, aumente para 75% da ova ra\u00e7\u00e3o a 25% do alimento habitual.<br \/>\nNo 10\u00ba dia deve ser oferecido 100% do alimento novo escolhido.<\/p>\n<p>\u00c9 importante entender que se essa transi\u00e7\u00e3o de alimento for r\u00e1pida demais, seu pet pode sofrer problemas digestivos, como diarreia e v\u00f4mito. Nunca alimente seu animalzinho, al\u00e9m do necess\u00e1rio e mantenha \u00e1gua fresca e limpa dispon\u00edvel todo o tempo.<\/p>\n","protected":false},"excerpt":{"rendered":"<div class=\"ui-pdp-container__row ui-pdp-container__row--highlighted-features-title\">\n<h2 class=\"ui-vpp-text-alignment--left ui-pdp-color--BLACK ui-pdp-size--XSMALL ui-pdp-family--SEMIBOLD highlighted-features-title\">O que voc\u00ea precisa saber sobre este produto<\/h2>\n<\/div>\n<div class=\"ui-pdp-container__row ui-pdp-container__row--highlighted-features\">\n<div class=\"ui-vpp-highlighted-specs__features\">\n<ul class=\"ui-vpp-highlighted-specs__features-list\">\n<li class=\"ui-vpp-highlighted-specs__features-list-item ui-pdp-color--BLACK ui-pdp-size--XSMALL ui-pdp-family--REGULAR\">Tipo de embalagem: Saco<\/li>\n<li class=\"ui-vpp-highlighted-specs__features-list-item ui-pdp-color--BLACK ui-pdp-size--XSMALL ui-pdp-family--REGULAR\">Tamanho da ra\u00e7a: Pequena<\/li>\n<li class=\"ui-vpp-highlighted-specs__features-list-item ui-pdp-color--BLACK ui-pdp-size--XSMALL ui-pdp-family--REGULAR\">Unidades por kit: 1<\/li>\n<li class=\"ui-vpp-highlighted-specs__features-list-item ui-pdp-color--BLACK ui-pdp-size--XSMALL ui-pdp-family--REGULAR\">Tipo de comida para animais: Seca<\/li>\n<li class=\"ui-vpp-highlighted-specs__features-list-item ui-pdp-color--BLACK ui-pdp-size--XSMALL ui-pdp-family--REGULAR\">Peso da unidade: 2.5 kg<\/li>\n<li class=\"ui-vpp-highlighted-specs__features-list-item ui-pdp-color--BLACK ui-pdp-size--XSMALL ui-pdp-family--REGULAR\">Sabor: Frango<\/li>\n<\/ul>\n<\/div>\n<\/div>\n","protected":false},"featured_media":401,"comment_status":"open","ping_status":"closed","template":"","meta":[],"product_brand":[],"product_cat":[20],"product_tag":[],"class_list":{"0":"post-400","1":"product","2":"type-product","3":"status-publish","4":"has-post-thumbnail","6":"product_cat-cachorros","8":"first","9":"instock","10":"shipping-taxable","11":"purchasable","12":"product-type-simple"},"_links":{"self":[{"href":"https:\/\/arqui360.com\/index.php\/wp-json\/wp\/v2\/product\/400","targetHints":{"allow":["GET"]}}],"collection":[{"href":"https:\/\/arqui360.com\/index.php\/wp-json\/wp\/v2\/product"}],"about":[{"href":"https:\/\/arqui360.com\/index.php\/wp-json\/wp\/v2\/types\/product"}],"replies":[{"embeddable":true,"href":"https:\/\/arqui360.com\/index.php\/wp-json\/wp\/v2\/comments?post=400"}],"wp:featuredmedia":[{"embeddable":true,"href":"https:\/\/arqui360.com\/index.php\/wp-json\/wp\/v2\/media\/401"}],"wp:attachment":[{"href":"https:\/\/arqui360.com\/index.php\/wp-json\/wp\/v2\/media?parent=400"}],"wp:term":[{"taxonomy":"product_brand","embeddable":true,"href":"https:\/\/arqui360.com\/index.php\/wp-json\/wp\/v2\/product_brand?post=400"},{"taxonomy":"product_cat","embeddable":true,"href":"https:\/\/arqui360.com\/index.php\/wp-json\/wp\/v2\/product_cat?post=400"},{"taxonomy":"product_tag","embeddable":true,"href":"https:\/\/arqui360.com\/index.php\/wp-json\/wp\/v2\/product_tag?post=400"}],"curies":[{"name":"wp","href":"https:\/\/api.w.org\/{rel}","templated":true}]}}