{"id":404,"date":"2026-02-02T22:31:00","date_gmt":"2026-02-03T01:31:00","guid":{"rendered":"https:\/\/arqui360.com\/?post_type=product&#038;p=404"},"modified":"2026-02-02T22:37:13","modified_gmt":"2026-02-03T01:37:13","slug":"premier-super-premium-frango-salmao-cao-senior-25kg","status":"publish","type":"product","link":"https:\/\/arqui360.com\/index.php\/product\/premier-super-premium-frango-salmao-cao-senior-25kg\/","title":{"rendered":"Premier Super Premium Frango\/salm\u00e3o C\u00e3o Senior 2,5kg"},"content":{"rendered":"<p>A Ra\u00e7\u00e3o Premier Super Premium Frango\/Salm\u00e3o para C\u00e3es Senior \u00e9 a escolha ideal para c\u00e3es de pequeno porte em fase s\u00eanior. Com um sabor irresist\u00edvel de frango e salm\u00e3o, este alimento seco proporciona uma dieta equilibrada e nutritiva, atendendo \u00e0s necessidades espec\u00edficas dos c\u00e3es mais velhos.<\/p>\n<p>Produzida pela renomada marca PremieRpet, esta ra\u00e7\u00e3o \u00e9 formulada com ingredientes de alta qualidade, como farinha de salm\u00e3o e farinha de v\u00edsceras de frango. Cada por\u00e7\u00e3o \u00e9 cuidadosamente elaborada para garantir que seu c\u00e3o receba todos os nutrientes essenciais para uma vida saud\u00e1vel e ativa.<\/p>\n<p>O formato de embalagem em saco de 2,5 kg \u00e9 pr\u00e1tico e facilita o armazenamento. Ideal para ambientes internos, esta ra\u00e7\u00e3o n\u00e3o s\u00f3 alimenta, mas tamb\u00e9m contribui para o bem-estar do seu animal de estima\u00e7\u00e3o, promovendo uma experi\u00eancia de alimenta\u00e7\u00e3o agrad\u00e1vel e satisfat\u00f3ria.<\/p>\n<p>Escolher a Ra\u00e7\u00e3o Premier Super Premium \u00e9 garantir que seu c\u00e3o s\u00eanior tenha uma alimenta\u00e7\u00e3o saborosa e nutritiva, ajudando a manter sua sa\u00fade e vitalidade ao longo dos anos. Proporcione ao seu melhor amigo uma refei\u00e7\u00e3o que ele merece.<\/p>\n","protected":false},"excerpt":{"rendered":"<div class=\"ui-pdp-container__row ui-pdp-container__row--highlighted-features-title\">\n<h2 class=\"ui-vpp-text-alignment--left ui-pdp-color--BLACK ui-pdp-size--XSMALL ui-pdp-family--SEMIBOLD highlighted-features-title\">O que voc\u00ea precisa saber sobre este produto<\/h2>\n<\/div>\n<div class=\"ui-pdp-container__row ui-pdp-container__row--highlighted-features\">\n<div class=\"ui-vpp-highlighted-specs__features\">\n<ul class=\"ui-vpp-highlighted-specs__features-list\">\n<li class=\"ui-vpp-highlighted-specs__features-list-item ui-pdp-color--BLACK ui-pdp-size--XSMALL ui-pdp-family--REGULAR\">Peso l\u00edquido: 2.5 kg<\/li>\n<li class=\"ui-vpp-highlighted-specs__features-list-item ui-pdp-color--BLACK ui-pdp-size--XSMALL ui-pdp-family--REGULAR\">Tipo de embalagem: Saco<\/li>\n<li class=\"ui-vpp-highlighted-specs__features-list-item ui-pdp-color--BLACK ui-pdp-size--XSMALL ui-pdp-family--REGULAR\">Tamanho da ra\u00e7a: Pequena<\/li>\n<li class=\"ui-vpp-highlighted-specs__features-list-item ui-pdp-color--BLACK ui-pdp-size--XSMALL ui-pdp-family--REGULAR\">Unidades por kit: 1<\/li>\n<li class=\"ui-vpp-highlighted-specs__features-list-item ui-pdp-color--BLACK ui-pdp-size--XSMALL ui-pdp-family--REGULAR\">Tipo de comida para animais: Seca<\/li>\n<li class=\"ui-vpp-highlighted-specs__features-list-item ui-pdp-color--BLACK ui-pdp-size--XSMALL ui-pdp-family--REGULAR\">Peso da unidade: 2.5 kg<\/li>\n<li class=\"ui-vpp-highlighted-specs__features-list-item ui-pdp-color--BLACK ui-pdp-size--XSMALL ui-pdp-family--REGULAR\">Sabor: Frango\/Salm\u00e3o<\/li>\n<\/ul>\n<\/div>\n<\/div>\n","protected":false},"featured_media":405,"comment_status":"open","ping_status":"closed","template":"","meta":[],"product_brand":[],"product_cat":[20],"product_tag":[],"class_list":{"0":"post-404","1":"product","2":"type-product","3":"status-publish","4":"has-post-thumbnail","6":"product_cat-cachorros","8":"first","9":"instock","10":"shipping-taxable","11":"purchasable","12":"product-type-simple"},"_links":{"self":[{"href":"https:\/\/arqui360.com\/index.php\/wp-json\/wp\/v2\/product\/404","targetHints":{"allow":["GET"]}}],"collection":[{"href":"https:\/\/arqui360.com\/index.php\/wp-json\/wp\/v2\/product"}],"about":[{"href":"https:\/\/arqui360.com\/index.php\/wp-json\/wp\/v2\/types\/product"}],"replies":[{"embeddable":true,"href":"https:\/\/arqui360.com\/index.php\/wp-json\/wp\/v2\/comments?post=404"}],"wp:featuredmedia":[{"embeddable":true,"href":"https:\/\/arqui360.com\/index.php\/wp-json\/wp\/v2\/media\/405"}],"wp:attachment":[{"href":"https:\/\/arqui360.com\/index.php\/wp-json\/wp\/v2\/media?parent=404"}],"wp:term":[{"taxonomy":"product_brand","embeddable":true,"href":"https:\/\/arqui360.com\/index.php\/wp-json\/wp\/v2\/product_brand?post=404"},{"taxonomy":"product_cat","embeddable":true,"href":"https:\/\/arqui360.com\/index.php\/wp-json\/wp\/v2\/product_cat?post=404"},{"taxonomy":"product_tag","embeddable":true,"href":"https:\/\/arqui360.com\/index.php\/wp-json\/wp\/v2\/product_tag?post=404"}],"curies":[{"name":"wp","href":"https:\/\/api.w.org\/{rel}","templated":true}]}}