{"id":418,"date":"2026-02-02T22:42:38","date_gmt":"2026-02-03T01:42:38","guid":{"rendered":"https:\/\/arqui360.com\/?post_type=product&#038;p=418"},"modified":"2026-02-02T22:42:38","modified_gmt":"2026-02-03T01:42:38","slug":"racao-premier-racas-especificas-shih-tzu-adulto-25-kg-frang","status":"publish","type":"product","link":"https:\/\/arqui360.com\/index.php\/product\/racao-premier-racas-especificas-shih-tzu-adulto-25-kg-frang\/","title":{"rendered":"Ra\u00e7\u00e3o Premier Ra\u00e7as Espec\u00edficas Shih Tzu Adulto 2,5 Kg Frang"},"content":{"rendered":"<p>A sele\u00e7\u00e3o de um alimento adequado para o seu animal de estima\u00e7\u00e3o \u00e9 muito importante para garantir o seu crescimento, o desenvolvimento e a sa\u00fade. Com esta op\u00e7\u00e3o da Premier voc\u00ea poder\u00e1 cobrir as necessidades nutricionais e energ\u00e9ticas do seu c\u00e3o.<\/p>\n<p>Benef\u00edcios do alimento seco<br \/>\nA maior vantagem do alimento seco para animais de estima\u00e7\u00e3o \u00e9 que ele pode ser armazenado por muito mais tempo sem se deteriorar e evita o aparecimento de fungos ou bact\u00e9rias. Al\u00e9m disso, este tipo de alimento ajuda a remover o t\u00e1rtaro e atrasar a forma\u00e7\u00e3o da placa dent\u00e1ria com o processo de mastiga\u00e7\u00e3o e tritura\u00e7\u00e3o.<\/p>\n<p>Prote\u00edna para uma nutri\u00e7\u00e3o completa<br \/>\nAlimento rico em prote\u00edna animal de alto valor biol\u00f3gico, cont\u00e9m minerais como c\u00e1lcio, f\u00f3sforo, pot\u00e1ssio e ferro, vitaminas A, D e E, fibras e \u00e1cidos graxos essenciais. Estes nutrientes promovem o fortalecimento do sistema imunol\u00f3gico do seu animal de estima\u00e7\u00e3o e o bom funcionamento de seus sistemas vitais. Al\u00e9m disso, contribuem para a sa\u00fade da sua pelagem, pele e unhas e para a manuten\u00e7\u00e3o de seus tend\u00f5es, m\u00fasculos e ossos.<\/p>\n","protected":false},"excerpt":{"rendered":"<div class=\"ui-pdp-container__row ui-pdp-container__row--highlighted-features-title\">\n<h2 class=\"ui-vpp-text-alignment--left ui-pdp-color--BLACK ui-pdp-size--XSMALL ui-pdp-family--SEMIBOLD highlighted-features-title\">O que voc\u00ea precisa saber sobre este produto<\/h2>\n<\/div>\n<div class=\"ui-pdp-container__row ui-pdp-container__row--highlighted-features\">\n<div class=\"ui-vpp-highlighted-specs__features\">\n<ul class=\"ui-vpp-highlighted-specs__features-list\">\n<li class=\"ui-vpp-highlighted-specs__features-list-item ui-pdp-color--BLACK ui-pdp-size--XSMALL ui-pdp-family--REGULAR\">Tipo de embalagem: Saco.<\/li>\n<li class=\"ui-vpp-highlighted-specs__features-list-item ui-pdp-color--BLACK ui-pdp-size--XSMALL ui-pdp-family--REGULAR\">Tamanho da ra\u00e7a: Pequena.<\/li>\n<li class=\"ui-vpp-highlighted-specs__features-list-item ui-pdp-color--BLACK ui-pdp-size--XSMALL ui-pdp-family--REGULAR\">Unidades por kit: 1.<\/li>\n<li class=\"ui-vpp-highlighted-specs__features-list-item ui-pdp-color--BLACK ui-pdp-size--XSMALL ui-pdp-family--REGULAR\">Tipo de comida para animais: Seca.<\/li>\n<li class=\"ui-vpp-highlighted-specs__features-list-item ui-pdp-color--BLACK ui-pdp-size--XSMALL ui-pdp-family--REGULAR\">Recomendado para cachorro adulto.<\/li>\n<li class=\"ui-vpp-highlighted-specs__features-list-item ui-pdp-color--BLACK ui-pdp-size--XSMALL ui-pdp-family--REGULAR\">Sabor e nutri\u00e7\u00e3o completa para o seu animal de estima\u00e7\u00e3o.<\/li>\n<li class=\"ui-vpp-highlighted-specs__features-list-item ui-pdp-color--BLACK ui-pdp-size--XSMALL ui-pdp-family--REGULAR\">PremieRpet Premier Super Premium Ra\u00e7as Espec\u00edficas Shih Tzu \u00e9 ideal para cachorros adultos, com 25% de prote\u00edna bruta e protege a sa\u00fade bucal do seu pet.<\/li>\n<\/ul>\n<\/div>\n<\/div>\n","protected":false},"featured_media":419,"comment_status":"open","ping_status":"closed","template":"","meta":[],"product_brand":[],"product_cat":[20],"product_tag":[],"class_list":{"0":"post-418","1":"product","2":"type-product","3":"status-publish","4":"has-post-thumbnail","6":"product_cat-cachorros","8":"first","9":"instock","10":"shipping-taxable","11":"purchasable","12":"product-type-simple"},"_links":{"self":[{"href":"https:\/\/arqui360.com\/index.php\/wp-json\/wp\/v2\/product\/418","targetHints":{"allow":["GET"]}}],"collection":[{"href":"https:\/\/arqui360.com\/index.php\/wp-json\/wp\/v2\/product"}],"about":[{"href":"https:\/\/arqui360.com\/index.php\/wp-json\/wp\/v2\/types\/product"}],"replies":[{"embeddable":true,"href":"https:\/\/arqui360.com\/index.php\/wp-json\/wp\/v2\/comments?post=418"}],"wp:featuredmedia":[{"embeddable":true,"href":"https:\/\/arqui360.com\/index.php\/wp-json\/wp\/v2\/media\/419"}],"wp:attachment":[{"href":"https:\/\/arqui360.com\/index.php\/wp-json\/wp\/v2\/media?parent=418"}],"wp:term":[{"taxonomy":"product_brand","embeddable":true,"href":"https:\/\/arqui360.com\/index.php\/wp-json\/wp\/v2\/product_brand?post=418"},{"taxonomy":"product_cat","embeddable":true,"href":"https:\/\/arqui360.com\/index.php\/wp-json\/wp\/v2\/product_cat?post=418"},{"taxonomy":"product_tag","embeddable":true,"href":"https:\/\/arqui360.com\/index.php\/wp-json\/wp\/v2\/product_tag?post=418"}],"curies":[{"name":"wp","href":"https:\/\/api.w.org\/{rel}","templated":true}]}}