{"id":421,"date":"2026-02-02T22:53:40","date_gmt":"2026-02-03T01:53:40","guid":{"rendered":"https:\/\/arqui360.com\/?post_type=product&#038;p=421"},"modified":"2026-02-02T22:53:40","modified_gmt":"2026-02-03T01:53:40","slug":"racao-gran-plus-cao-gourmet-adulto-mini-ovelha-e-arroz-3kg","status":"publish","type":"product","link":"https:\/\/arqui360.com\/index.php\/product\/racao-gran-plus-cao-gourmet-adulto-mini-ovelha-e-arroz-3kg\/","title":{"rendered":"Ra\u00e7\u00e3o Gran Plus C\u00e3o Gourmet Adulto Mini Ovelha E Arroz 3kg"},"content":{"rendered":"<p>GRANPLUS Gourmet C\u00e3o Adulto Mini Sabor Ovelha &amp; Arroz \u00e9 um alimento feito com ingredientes nobres e prote\u00edna de alta qualidade, que proporcionam uma experi\u00eancia de sabor para satisfazer os c\u00e3es com paladares exigentes, enquanto os nutre. Al\u00e9m disso, \u00e9 conservado com antioxidantes naturais e possui mini part\u00edcula adaptada para c\u00e3es de pequeno porte.<br \/>\nSEM TRANSG\u00caNICOS, AROMAS E CORANTES ARTIFICIAIS<br \/>\nCONSERVADO COM ANTIOXIDANTES NATURAIS<br \/>\nCONTRIBUI PARA A SA\u00daDE DA PELE E DO PELO: ENRIQUECIDO COM VITAMINAS,<br \/>\nMINERAIS E \u00d4MEGAS QUE CONTRIBUEM PARA A PELE SAUD\u00c1VEL E PELO BRILHANTE.<br \/>\nCONTRIBUI PARA O \u00d3TIMO FUNCIONAMENTO DO ORGANISMO:<br \/>\nCOM FONTE RICA EM \u00d4MEGA 3 (EPA &amp; DHA). AUXILIA NA SA\u00daDE INTESTINAL:<br \/>\nCOM FIBRAS, PREBI\u00d3TICO MOS E EXTRATO DE YUCCA QUE FAVORECEM O EQUIL\u00cdBRIO INTESTINAL PARA ADEQUADA FORMA\u00c7\u00c3O DAS FEZES, AL\u00c9M DE AUXILIAR NO CONTROLE DE ODORES.<\/p>\n<p>COMPOSI\u00c7\u00c3O B\u00c1SICA:<br \/>\nFarinha de Carne e Ossos de Ovino, Farinha de V\u00edsceras de Aves, Farinha de Torresmo, Quirera de Arroz, Gr\u00e3o de Sorgo, \u00d3leo de V\u00edsceras de Aves, \u00d3leo de Peixe Refinado, \u00d3leo de Linha\u00e7a, Polpa de Beterraba, Farelo de Trigo, Levedura Seca de Cervejaria, Cloreto de S\u00f3dio (Sal Comum), Cloreto de Pot\u00e1ssio, Hidrolisado de F\u00edgado Ave e Su\u00edno, Aditivo Prebi\u00f3tico (Parede Celular de Levedura Fonte de Mananoligossacar\u00eddeos), Extrato de Yucca (m\u00edn. 0,025%), Antioxidantes Naturais (Extrato de Alecrim e Concentrado de Tocofer\u00f3is), Propionato de C\u00e1lcio, Sorbato de Pot\u00e1ssio, Aditivo Adsorvente (Parede Celular de Levedura e Bentonita), Vitaminas (A, D3, E, K3, C, B1, B2, B6, B12, Pantotenato de C\u00e1lcio, \u00c1cido F\u00f3lico, \u00c1cido Nicot\u00ednico, Biotina, Cloreto de Colina), Minerais (Sulfato de Zinco, Sulfato de Ferro, Sulfato de Mangan\u00eas, Iodato de C\u00e1lcio), Minerais Quelatados (Proteinato de Mangan\u00eas, Levedura Enriquecida com Sel\u00eanio, Proteinato de Zinco, Proteinato de Cobre).<\/p>\n","protected":false},"excerpt":{"rendered":"<div class=\"ui-pdp-container__row ui-pdp-container__row--highlighted-features-title\">\n<h2 class=\"ui-vpp-text-alignment--left ui-pdp-color--BLACK ui-pdp-size--XSMALL ui-pdp-family--SEMIBOLD highlighted-features-title\">O que voc\u00ea precisa saber sobre este produto<\/h2>\n<\/div>\n<div class=\"ui-pdp-container__row ui-pdp-container__row--highlighted-features\">\n<div class=\"ui-vpp-highlighted-specs__features\">\n<ul class=\"ui-vpp-highlighted-specs__features-list\">\n<li class=\"ui-vpp-highlighted-specs__features-list-item ui-pdp-color--BLACK ui-pdp-size--XSMALL ui-pdp-family--REGULAR\">Peso l\u00edquido: 3 kg.<\/li>\n<li class=\"ui-vpp-highlighted-specs__features-list-item ui-pdp-color--BLACK ui-pdp-size--XSMALL ui-pdp-family--REGULAR\">Tipo de embalagem: Envelope.<\/li>\n<li class=\"ui-vpp-highlighted-specs__features-list-item ui-pdp-color--BLACK ui-pdp-size--XSMALL ui-pdp-family--REGULAR\">Tamanho da ra\u00e7a: Pequena.<\/li>\n<li class=\"ui-vpp-highlighted-specs__features-list-item ui-pdp-color--BLACK ui-pdp-size--XSMALL ui-pdp-family--REGULAR\">Unidades por kit: 1.<\/li>\n<li class=\"ui-vpp-highlighted-specs__features-list-item ui-pdp-color--BLACK ui-pdp-size--XSMALL ui-pdp-family--REGULAR\">Tipo de comida para animais: Ra\u00e7\u00e3o.<\/li>\n<li class=\"ui-vpp-highlighted-specs__features-list-item ui-pdp-color--BLACK ui-pdp-size--XSMALL ui-pdp-family--REGULAR\">Peso da unidade: 3 kg.<\/li>\n<li class=\"ui-vpp-highlighted-specs__features-list-item ui-pdp-color--BLACK ui-pdp-size--XSMALL ui-pdp-family--REGULAR\">Sabor: Ovelha e Arroz.<\/li>\n<li class=\"ui-vpp-highlighted-specs__features-list-item ui-pdp-color--BLACK ui-pdp-size--XSMALL ui-pdp-family--REGULAR\">Prote\u00edna Bruta m\u00ednima de 23% para nutri\u00e7\u00e3o adequada.<\/li>\n<li class=\"ui-vpp-highlighted-specs__features-list-item ui-pdp-color--BLACK ui-pdp-size--XSMALL ui-pdp-family--REGULAR\">Farinha de Carne e Ossos de Ovino como ingrediente principal.<\/li>\n<li class=\"ui-vpp-highlighted-specs__features-list-item ui-pdp-color--BLACK ui-pdp-size--XSMALL ui-pdp-family--REGULAR\">Enriquecido com \u00d4mega 3 (EPA &amp; DHA) para sa\u00fade.<\/li>\n<li class=\"ui-vpp-highlighted-specs__features-list-item ui-pdp-color--BLACK ui-pdp-size--XSMALL ui-pdp-family--REGULAR\">Contribui para a sa\u00fade intestinal com fibras e prebi\u00f3ticos.<\/li>\n<li class=\"ui-vpp-highlighted-specs__features-list-item ui-pdp-color--BLACK ui-pdp-size--XSMALL ui-pdp-family--REGULAR\">Conservado com antioxidantes naturais para frescor.<\/li>\n<li class=\"ui-vpp-highlighted-specs__features-list-item ui-pdp-color--BLACK ui-pdp-size--XSMALL ui-pdp-family--REGULAR\">Sem transg\u00eanicos, aromas e corantes artificiais.<\/li>\n<\/ul>\n<\/div>\n<\/div>\n","protected":false},"featured_media":422,"comment_status":"open","ping_status":"closed","template":"","meta":[],"product_brand":[],"product_cat":[20],"product_tag":[],"class_list":{"0":"post-421","1":"product","2":"type-product","3":"status-publish","4":"has-post-thumbnail","6":"product_cat-cachorros","8":"first","9":"instock","10":"shipping-taxable","11":"purchasable","12":"product-type-simple"},"_links":{"self":[{"href":"https:\/\/arqui360.com\/index.php\/wp-json\/wp\/v2\/product\/421","targetHints":{"allow":["GET"]}}],"collection":[{"href":"https:\/\/arqui360.com\/index.php\/wp-json\/wp\/v2\/product"}],"about":[{"href":"https:\/\/arqui360.com\/index.php\/wp-json\/wp\/v2\/types\/product"}],"replies":[{"embeddable":true,"href":"https:\/\/arqui360.com\/index.php\/wp-json\/wp\/v2\/comments?post=421"}],"wp:featuredmedia":[{"embeddable":true,"href":"https:\/\/arqui360.com\/index.php\/wp-json\/wp\/v2\/media\/422"}],"wp:attachment":[{"href":"https:\/\/arqui360.com\/index.php\/wp-json\/wp\/v2\/media?parent=421"}],"wp:term":[{"taxonomy":"product_brand","embeddable":true,"href":"https:\/\/arqui360.com\/index.php\/wp-json\/wp\/v2\/product_brand?post=421"},{"taxonomy":"product_cat","embeddable":true,"href":"https:\/\/arqui360.com\/index.php\/wp-json\/wp\/v2\/product_cat?post=421"},{"taxonomy":"product_tag","embeddable":true,"href":"https:\/\/arqui360.com\/index.php\/wp-json\/wp\/v2\/product_tag?post=421"}],"curies":[{"name":"wp","href":"https:\/\/api.w.org\/{rel}","templated":true}]}}