{"id":429,"date":"2026-02-03T08:33:22","date_gmt":"2026-02-03T11:33:22","guid":{"rendered":"https:\/\/arqui360.com\/?post_type=product&#038;p=429"},"modified":"2026-02-03T08:33:22","modified_gmt":"2026-02-03T11:33:22","slug":"racao-gran-plus-menu-light-frango-arroz-caes-adultos-mini-3kg","status":"publish","type":"product","link":"https:\/\/arqui360.com\/index.php\/product\/racao-gran-plus-menu-light-frango-arroz-caes-adultos-mini-3kg\/","title":{"rendered":"Ra\u00e7\u00e3o Gran Plus Menu Light Frango Arroz C\u00e3es Adultos Mini 3kg"},"content":{"rendered":"<p>A Ra\u00e7\u00e3o GranPlus Menu Light Frango e Arroz para C\u00e3es Adultos Mini e Pequenas \u00e9 indicada para c\u00e3es adultos mini. Cont\u00e9m fibras funcionais, auxiliando no controle da saciedade. Ajuda na redu\u00e7\u00e3o do odor das fezes, pois conta com extrato de Yucca. Al\u00e9m de ser sem corantes e aromas artificiais. Sua embalagem possui tecnologia abre e fecha, facilitando a abertura e fechamento do produto.<\/p>\n<p>Composi\u00e7\u00e3o: Farinha de V\u00edsceras de Aves, Farelo de Gl\u00faten de Milho-601, Quirera de Arroz, Gr\u00e3o de Milho1, Gr\u00e3o de Sorgo, Feij\u00e3o Bandinha2, \u00d3leo de Aves, \u00d3leo de Peixe Refinado, \u00d3leo de Linha\u00e7a, Polpa Desidratada de Beterraba, Farelo de Trigo, Levedura Seca de Cervejaria, Cloreto de S\u00f3dio (Sal Comum), Cloreto de Pot\u00e1ssio, Hidrolisado de F\u00edgado de Aves e Su\u00ednos, Aditivo Prebi\u00f3tico (Parede Celular de Levedura Fonte de Mananoligossacar\u00eddeos), L-Carnitina, Extrato de Yucca (m\u00edn. 0,025%), Antioxidantes (BHA, BHT), Propionato de C\u00e1lcio, Sorbato de Pot\u00e1ssio, Aditivo Adsorvente (Parede Celular de Levedura e Bentonita), Vitaminas (A, D3, E, K3, B1, B2, B6, B12, Pantotenato de C\u00e1lcio, \u00c1cido F\u00f3lico, \u00c1cido Nicot\u00ednico, Biotina, Cloreto de Colina), Minerais (Sulfato de Zinco, Sulfato de Ferro, Sulfato de Mangan\u00eas, Iodato de C\u00e1lcio, Selenito de S\u00f3dio), Minerais Quelatados (Proteinato de Mangan\u00eas, Levedura Enriquecida com Sel\u00eanio, Proteinato de Zinco, Proteinato de Cobre).<\/p>\n<p>&#8211; Possui fibras funcionais<br \/>\n&#8211; Cont\u00e9m extrato de Yucca<br \/>\n&#8211; Ideal para c\u00e3es adultos mini<br \/>\n&#8211; Auxilia no controle da saciedade<br \/>\n&#8211; Ajuda na redu\u00e7\u00e3o do odor das fezes<br \/>\n&#8211; Livre de corantes e aromas artificiais<br \/>\n&#8211; Contribui para a manuten\u00e7\u00e3o do peso ideal<\/p>\n","protected":false},"excerpt":{"rendered":"<div class=\"ui-pdp-container__row ui-pdp-container__row--highlighted-features-title\">\n<h2 class=\"ui-vpp-text-alignment--left ui-pdp-color--BLACK ui-pdp-size--XSMALL ui-pdp-family--SEMIBOLD highlighted-features-title\">O que voc\u00ea precisa saber sobre este produto<\/h2>\n<\/div>\n<div class=\"ui-pdp-container__row ui-pdp-container__row--highlighted-features\">\n<div class=\"ui-vpp-highlighted-specs__features\">\n<ul class=\"ui-vpp-highlighted-specs__features-list\">\n<li class=\"ui-vpp-highlighted-specs__features-list-item ui-pdp-color--BLACK ui-pdp-size--XSMALL ui-pdp-family--REGULAR\">Peso l\u00edquido: 3 kg.<\/li>\n<li class=\"ui-vpp-highlighted-specs__features-list-item ui-pdp-color--BLACK ui-pdp-size--XSMALL ui-pdp-family--REGULAR\">Tipo de embalagem: Saco.<\/li>\n<li class=\"ui-vpp-highlighted-specs__features-list-item ui-pdp-color--BLACK ui-pdp-size--XSMALL ui-pdp-family--REGULAR\">Tamanho da ra\u00e7a: Mini.<\/li>\n<li class=\"ui-vpp-highlighted-specs__features-list-item ui-pdp-color--BLACK ui-pdp-size--XSMALL ui-pdp-family--REGULAR\">Unidades por kit: 1.<\/li>\n<li class=\"ui-vpp-highlighted-specs__features-list-item ui-pdp-color--BLACK ui-pdp-size--XSMALL ui-pdp-family--REGULAR\">Tipo de comida para animais: Seca.<\/li>\n<li class=\"ui-vpp-highlighted-specs__features-list-item ui-pdp-color--BLACK ui-pdp-size--XSMALL ui-pdp-family--REGULAR\">Peso da unidade: 3 kg.<\/li>\n<li class=\"ui-vpp-highlighted-specs__features-list-item ui-pdp-color--BLACK ui-pdp-size--XSMALL ui-pdp-family--REGULAR\">Sabor: Frango\/Arroz.<\/li>\n<li class=\"ui-vpp-highlighted-specs__features-list-item ui-pdp-color--BLACK ui-pdp-size--XSMALL ui-pdp-family--REGULAR\">Fibras funcionais que auxiliam no controle da saciedade.<\/li>\n<li class=\"ui-vpp-highlighted-specs__features-list-item ui-pdp-color--BLACK ui-pdp-size--XSMALL ui-pdp-family--REGULAR\">N\u00edvel reduzido de gorduras e calorias.<\/li>\n<li class=\"ui-vpp-highlighted-specs__features-list-item ui-pdp-color--BLACK ui-pdp-size--XSMALL ui-pdp-family--REGULAR\">Cont\u00e9m L-Carnitina para controle de peso.<\/li>\n<li class=\"ui-vpp-highlighted-specs__features-list-item ui-pdp-color--BLACK ui-pdp-size--XSMALL ui-pdp-family--REGULAR\">Extrato de Yucca que reduz odor das fezes.<\/li>\n<li class=\"ui-vpp-highlighted-specs__features-list-item ui-pdp-color--BLACK ui-pdp-size--XSMALL ui-pdp-family--REGULAR\">Livre de corantes e aromas artificiais.<\/li>\n<li class=\"ui-vpp-highlighted-specs__features-list-item ui-pdp-color--BLACK ui-pdp-size--XSMALL ui-pdp-family--REGULAR\">Ideal para c\u00e3es adultos mini.<\/li>\n<\/ul>\n<\/div>\n<\/div>\n","protected":false},"featured_media":430,"comment_status":"open","ping_status":"closed","template":"","meta":[],"product_brand":[],"product_cat":[20],"product_tag":[],"class_list":{"0":"post-429","1":"product","2":"type-product","3":"status-publish","4":"has-post-thumbnail","6":"product_cat-cachorros","8":"first","9":"instock","10":"shipping-taxable","11":"purchasable","12":"product-type-simple"},"_links":{"self":[{"href":"https:\/\/arqui360.com\/index.php\/wp-json\/wp\/v2\/product\/429","targetHints":{"allow":["GET"]}}],"collection":[{"href":"https:\/\/arqui360.com\/index.php\/wp-json\/wp\/v2\/product"}],"about":[{"href":"https:\/\/arqui360.com\/index.php\/wp-json\/wp\/v2\/types\/product"}],"replies":[{"embeddable":true,"href":"https:\/\/arqui360.com\/index.php\/wp-json\/wp\/v2\/comments?post=429"}],"wp:featuredmedia":[{"embeddable":true,"href":"https:\/\/arqui360.com\/index.php\/wp-json\/wp\/v2\/media\/430"}],"wp:attachment":[{"href":"https:\/\/arqui360.com\/index.php\/wp-json\/wp\/v2\/media?parent=429"}],"wp:term":[{"taxonomy":"product_brand","embeddable":true,"href":"https:\/\/arqui360.com\/index.php\/wp-json\/wp\/v2\/product_brand?post=429"},{"taxonomy":"product_cat","embeddable":true,"href":"https:\/\/arqui360.com\/index.php\/wp-json\/wp\/v2\/product_cat?post=429"},{"taxonomy":"product_tag","embeddable":true,"href":"https:\/\/arqui360.com\/index.php\/wp-json\/wp\/v2\/product_tag?post=429"}],"curies":[{"name":"wp","href":"https:\/\/api.w.org\/{rel}","templated":true}]}}