{"id":432,"date":"2026-02-03T08:42:00","date_gmt":"2026-02-03T11:42:00","guid":{"rendered":"https:\/\/arqui360.com\/?post_type=product&#038;p=432"},"modified":"2026-02-03T08:42:00","modified_gmt":"2026-02-03T11:42:00","slug":"formula-natural-life-adulto-peq-porte-25-kg","status":"publish","type":"product","link":"https:\/\/arqui360.com\/index.php\/product\/formula-natural-life-adulto-peq-porte-25-kg\/","title":{"rendered":"F\u00f3rmula Natural Life Adulto Peq. Porte 2,5 Kg"},"content":{"rendered":"<p>Indicado para c\u00e3es Adultos Minis e Pequenos; Antioxidantes naturais;<\/p>\n<p>Pelo e pelagem brilhantes;<\/p>\n<p>Equil\u00edbrio da flora intestinal;<\/p>\n<p>Ambientes internos;<\/p>\n<p>Com DHA;<\/p>\n<p>Condroitina e glucosamina<\/p>\n<p>DESCRITIVO DO PRODUTO<br \/>\nAlimento completo, indicado para c\u00e3es adultos. Sua receita e suas part\u00edculas foram desenvolvidas especialmente para se adaptarem \u00e0s caracter\u00edsticas dos c\u00e3es de portes miniatura e pequeno, a partir dos 10 meses de idade. Aux\u00edlio nas defesas naturais, alimento equilibrado e naturalmente nutritivo, pelagem brilhante e sedosa, ambientes internos, antioxidantes naturais<\/p>\n<p>A Ra\u00e7\u00e3o F\u00f3rmula Natural Life C\u00e3es Adultos Mini e Pequeno traz o conceito natural para promover uma alimenta\u00e7\u00e3o saud\u00e1vel e nutritiva ao seu pet, com ingredientes selecionados esta ra\u00e7\u00e3o proporciona melhor aproveitamento do alimento e a forma\u00e7\u00e3o de fezes em menor volume com menos odor, \u00f3timo para c\u00e3es que vivem em ambientes internos.<\/p>\n<p>Com antioxidantes naturais, mant\u00e9m o alimento mais saboroso e nutritivo, e uma alimenta\u00e7\u00e3o balanceada fornece nutrientes em quantidades adequadas para o correto funcionamento das barreiras de defesa do organismo.<\/p>\n<p>A Ra\u00e7\u00e3o F\u00f3rmula Natural Life oferece todos os cuidados que c\u00e3es adultos de porte mini e pequeno precisam para uma vida longa e saud\u00e1vel<\/p>\n<p>INDICA\u00c7\u00d5ES<br \/>\nAlimento completo e balanceado seco para c\u00e3es adultos<\/p>\n<p>COMPOSI\u00c7\u00c3O B\u00c1SICA DO PRODUTO<br \/>\nFarinha de v\u00edsceras de aves, quirera de arroz, farelo de trigo, semente de linha\u00e7a, \u00f3leo de v\u00edsceras de aves, \u00f3leo de salm\u00e3o, palatabilizante de v\u00edsceras de su\u00edno e frango, frutas e vegetais desidratadas (manga, ma\u00e7\u00e3, cenoura, tomate), polpa de beterraba, cloreto de s\u00f3dio, farinha de algas Schizochytrium sp., prebi\u00f3ticos (parede celular de levedura, fruto-oligossacar\u00eddeos e inulina), extrato de yucca (0,04%), sulfato de condroitina (0,01%), sulfato de glucosamina (0,03%), vitaminas (A, D3, E, K3, C, B1, B2, B6, B12, biotina, pantotenato de c\u00e1lcio, \u00e1cido f\u00f3lico, niacina, cloreto de colina), minerais (sulfato de ferro, sulfato de cobre, iodato de c\u00e1lcio, cloreto de pot\u00e1ssio, proteinato de zinco, \u00f3xido de zinco, \u00f3xido de mangan\u00eas, proteinato de sel\u00eanio, selenito de s\u00f3dio), \u00e1cido propi\u00f4nico, extratos vegetais (ch\u00e1 verde e alecrim), concentrado de tocofer\u00f3is (antioxidante natural) (0,01%).<\/p>\n","protected":false},"excerpt":{"rendered":"<div class=\"ui-pdp-container__row ui-pdp-container__row--highlighted-features-title\">\n<h2 class=\"ui-vpp-text-alignment--left ui-pdp-color--BLACK ui-pdp-size--XSMALL ui-pdp-family--SEMIBOLD highlighted-features-title\">O que voc\u00ea precisa saber sobre este produto<\/h2>\n<\/div>\n<div class=\"ui-pdp-container__row ui-pdp-container__row--highlighted-features\">\n<div class=\"ui-vpp-highlighted-specs__features\">\n<ul class=\"ui-vpp-highlighted-specs__features-list\">\n<li class=\"ui-vpp-highlighted-specs__features-list-item ui-pdp-color--BLACK ui-pdp-size--XSMALL ui-pdp-family--REGULAR\">Peso l\u00edquido: 2.5 kg<\/li>\n<li class=\"ui-vpp-highlighted-specs__features-list-item ui-pdp-color--BLACK ui-pdp-size--XSMALL ui-pdp-family--REGULAR\">Tipo de embalagem: Saco<\/li>\n<li class=\"ui-vpp-highlighted-specs__features-list-item ui-pdp-color--BLACK ui-pdp-size--XSMALL ui-pdp-family--REGULAR\">Tamanho da ra\u00e7a: Mini\/Pequena<\/li>\n<li class=\"ui-vpp-highlighted-specs__features-list-item ui-pdp-color--BLACK ui-pdp-size--XSMALL ui-pdp-family--REGULAR\">Unidades por kit: 1<\/li>\n<li class=\"ui-vpp-highlighted-specs__features-list-item ui-pdp-color--BLACK ui-pdp-size--XSMALL ui-pdp-family--REGULAR\">Tipo de comida para animais: Seca<\/li>\n<li class=\"ui-vpp-highlighted-specs__features-list-item ui-pdp-color--BLACK ui-pdp-size--XSMALL ui-pdp-family--REGULAR\">Peso da unidade: 2.5 kg<\/li>\n<li class=\"ui-vpp-highlighted-specs__features-list-item ui-pdp-color--BLACK ui-pdp-size--XSMALL ui-pdp-family--REGULAR\">Sabor: Mix<\/li>\n<li class=\"ui-vpp-highlighted-specs__features-list-item ui-pdp-color--BLACK ui-pdp-size--XSMALL ui-pdp-family--REGULAR\">Necessidades especiais: antioxidantes naturales, floral intestinal, pele brilhante.<\/li>\n<li class=\"ui-vpp-highlighted-specs__features-list-item ui-pdp-color--BLACK ui-pdp-size--XSMALL ui-pdp-family--REGULAR\">\u00c9 protetor da sa\u00fade bucal.<\/li>\n<\/ul>\n<\/div>\n<\/div>\n","protected":false},"featured_media":433,"comment_status":"open","ping_status":"closed","template":"","meta":[],"product_brand":[],"product_cat":[20],"product_tag":[],"class_list":{"0":"post-432","1":"product","2":"type-product","3":"status-publish","4":"has-post-thumbnail","6":"product_cat-cachorros","8":"first","9":"instock","10":"shipping-taxable","11":"purchasable","12":"product-type-simple"},"_links":{"self":[{"href":"https:\/\/arqui360.com\/index.php\/wp-json\/wp\/v2\/product\/432","targetHints":{"allow":["GET"]}}],"collection":[{"href":"https:\/\/arqui360.com\/index.php\/wp-json\/wp\/v2\/product"}],"about":[{"href":"https:\/\/arqui360.com\/index.php\/wp-json\/wp\/v2\/types\/product"}],"replies":[{"embeddable":true,"href":"https:\/\/arqui360.com\/index.php\/wp-json\/wp\/v2\/comments?post=432"}],"wp:featuredmedia":[{"embeddable":true,"href":"https:\/\/arqui360.com\/index.php\/wp-json\/wp\/v2\/media\/433"}],"wp:attachment":[{"href":"https:\/\/arqui360.com\/index.php\/wp-json\/wp\/v2\/media?parent=432"}],"wp:term":[{"taxonomy":"product_brand","embeddable":true,"href":"https:\/\/arqui360.com\/index.php\/wp-json\/wp\/v2\/product_brand?post=432"},{"taxonomy":"product_cat","embeddable":true,"href":"https:\/\/arqui360.com\/index.php\/wp-json\/wp\/v2\/product_cat?post=432"},{"taxonomy":"product_tag","embeddable":true,"href":"https:\/\/arqui360.com\/index.php\/wp-json\/wp\/v2\/product_tag?post=432"}],"curies":[{"name":"wp","href":"https:\/\/api.w.org\/{rel}","templated":true}]}}