{"id":440,"date":"2026-02-03T09:21:43","date_gmt":"2026-02-03T12:21:43","guid":{"rendered":"https:\/\/arqui360.com\/?post_type=product&#038;p=440"},"modified":"2026-02-03T09:21:43","modified_gmt":"2026-02-03T12:21:43","slug":"formula-nat-f-sensitive-cord-cao-ad-mini-pq-porte-25kg","status":"publish","type":"product","link":"https:\/\/arqui360.com\/index.php\/product\/formula-nat-f-sensitive-cord-cao-ad-mini-pq-porte-25kg\/","title":{"rendered":"F\u00f3rmula Nat. F. Sensitive Cord. C\u00e3o Ad. Mini\/pq Porte 2,5kg"},"content":{"rendered":"<div class=\"ui-pdp-container__row ui-pdp-container__row--highlighted-features-title\">\n<h2 class=\"ui-vpp-text-alignment--left ui-pdp-color--BLACK ui-pdp-size--XSMALL ui-pdp-family--SEMIBOLD highlighted-features-title\">O que voc\u00ea precisa saber sobre este produto<\/h2>\n<\/div>\n<div class=\"ui-pdp-container__row ui-pdp-container__row--highlighted-features\">\n<div class=\"ui-vpp-highlighted-specs__features\">\n<ul class=\"ui-vpp-highlighted-specs__features-list\">\n<li class=\"ui-vpp-highlighted-specs__features-list-item ui-pdp-color--BLACK ui-pdp-size--XSMALL ui-pdp-family--REGULAR\">Peso l\u00edquido: 2.5 kg<\/li>\n<li class=\"ui-vpp-highlighted-specs__features-list-item ui-pdp-color--BLACK ui-pdp-size--XSMALL ui-pdp-family--REGULAR\">Tipo de embalagem: Sacola<\/li>\n<li class=\"ui-vpp-highlighted-specs__features-list-item ui-pdp-color--BLACK ui-pdp-size--XSMALL ui-pdp-family--REGULAR\">Tamanho da ra\u00e7a: Mini\/Pequena<\/li>\n<li class=\"ui-vpp-highlighted-specs__features-list-item ui-pdp-color--BLACK ui-pdp-size--XSMALL ui-pdp-family--REGULAR\">Unidades por kit: 1<\/li>\n<li class=\"ui-vpp-highlighted-specs__features-list-item ui-pdp-color--BLACK ui-pdp-size--XSMALL ui-pdp-family--REGULAR\">Tipo de comida para animais: Seca<\/li>\n<li class=\"ui-vpp-highlighted-specs__features-list-item ui-pdp-color--BLACK ui-pdp-size--XSMALL ui-pdp-family--REGULAR\">Peso da unidade: 2.5 kg<\/li>\n<li class=\"ui-vpp-highlighted-specs__features-list-item ui-pdp-color--BLACK ui-pdp-size--XSMALL ui-pdp-family--REGULAR\">Sabor: Cordeiro\/Mandioca\/Aloe vera<\/li>\n<li class=\"ui-vpp-highlighted-specs__features-list-item ui-pdp-color--BLACK ui-pdp-size--XSMALL ui-pdp-family--REGULAR\">\u00c9 protetor da sa\u00fade bucal.<\/li>\n<\/ul>\n<\/div>\n<\/div>\n","protected":false},"excerpt":{"rendered":"<p>A sele\u00e7\u00e3o de um alimento adequado para o seu animal de estima\u00e7\u00e3o \u00e9 muito importante para garantir o seu crescimento, o desenvolvimento e a sa\u00fade. Com esta op\u00e7\u00e3o da F\u00f3rmula Natural voc\u00ea poder\u00e1 cobrir as necessidades nutricionais e energ\u00e9ticas do seu cachorro.<\/p>\n<p>Seu animal de estima\u00e7\u00e3o sempre saud\u00e1vel Eles fazem parte da fam\u00edlia e nos d\u00e3o a sua companhia e o seu carinho. Para que se mantenham saud\u00e1veis e fortes, uma alimenta\u00e7\u00e3o equilibrada \u00e9 essencial. D\u00ea ao seu cachorro os nutrientes que precisa para que ele possa correr, pular e jogar durante todo o dia.<\/p>\n<p>Benef\u00edcios do alimento seco A maior vantagem do alimento seco para animais de estima\u00e7\u00e3o \u00e9 que ele pode ser armazenado por muito mais tempo sem se deteriorar e evita o aparecimento de fungos ou bact\u00e9rias. Al\u00e9m disso, este tipo de alimento ajuda a remover o t\u00e1rtaro e atrasar a forma\u00e7\u00e3o da placa dent\u00e1ria com o processo de mastiga\u00e7\u00e3o e tritura\u00e7\u00e3o.<\/p>\n","protected":false},"featured_media":441,"comment_status":"open","ping_status":"closed","template":"","meta":[],"product_brand":[],"product_cat":[20],"product_tag":[],"class_list":{"0":"post-440","1":"product","2":"type-product","3":"status-publish","4":"has-post-thumbnail","6":"product_cat-cachorros","8":"first","9":"instock","10":"shipping-taxable","11":"purchasable","12":"product-type-simple"},"_links":{"self":[{"href":"https:\/\/arqui360.com\/index.php\/wp-json\/wp\/v2\/product\/440","targetHints":{"allow":["GET"]}}],"collection":[{"href":"https:\/\/arqui360.com\/index.php\/wp-json\/wp\/v2\/product"}],"about":[{"href":"https:\/\/arqui360.com\/index.php\/wp-json\/wp\/v2\/types\/product"}],"replies":[{"embeddable":true,"href":"https:\/\/arqui360.com\/index.php\/wp-json\/wp\/v2\/comments?post=440"}],"wp:featuredmedia":[{"embeddable":true,"href":"https:\/\/arqui360.com\/index.php\/wp-json\/wp\/v2\/media\/441"}],"wp:attachment":[{"href":"https:\/\/arqui360.com\/index.php\/wp-json\/wp\/v2\/media?parent=440"}],"wp:term":[{"taxonomy":"product_brand","embeddable":true,"href":"https:\/\/arqui360.com\/index.php\/wp-json\/wp\/v2\/product_brand?post=440"},{"taxonomy":"product_cat","embeddable":true,"href":"https:\/\/arqui360.com\/index.php\/wp-json\/wp\/v2\/product_cat?post=440"},{"taxonomy":"product_tag","embeddable":true,"href":"https:\/\/arqui360.com\/index.php\/wp-json\/wp\/v2\/product_tag?post=440"}],"curies":[{"name":"wp","href":"https:\/\/api.w.org\/{rel}","templated":true}]}}