{"id":448,"date":"2026-02-03T09:38:19","date_gmt":"2026-02-03T12:38:19","guid":{"rendered":"https:\/\/arqui360.com\/?post_type=product&#038;p=448"},"modified":"2026-02-03T09:38:19","modified_gmt":"2026-02-03T12:38:19","slug":"shampoo-filhotes-pet-para-caes-e-gatos-banho-procao-500ml","status":"publish","type":"product","link":"https:\/\/arqui360.com\/index.php\/product\/shampoo-filhotes-pet-para-caes-e-gatos-banho-procao-500ml\/","title":{"rendered":"Shampoo Filhotes Pet Para C\u00e3es E Gatos Banho Proc\u00e3o 500ml"},"content":{"rendered":"","protected":false},"excerpt":{"rendered":"<p>OmniPetz, seu Pet Shop Online!<\/p>\n<p>Nossa miss\u00e3o \u00e9 dar um atendimento para VOC\u00ca E PARA SEU PET com muita aten\u00e7\u00e3o e cuidado.<\/p>\n<p>Trabalhamos apenas com produtos que acreditamos e confiamos.<\/p>\n<p>Todos os nosso produtos s\u00e3o originais, com nota fiscal e envio imediato.<\/p>\n<p>\u00b7\u00a0\u00a0\u00a0\u00a0\u00a0\u00a0 Todos os nossos produtos s\u00e3o originais!<br \/>\n\u00b7\u00a0\u00a0\u00a0\u00a0\u00a0\u00a0 Enviamos com Nota Fiscal<br \/>\n\u00b7\u00a0\u00a0\u00a0\u00a0\u00a0\u00a0 Validade Muito boa \u00a0 S<\/p>\n<p>e ainda tiver alguma d\u00favida, estamos a disposi\u00e7\u00e3o para ajudar.<\/p>\n","protected":false},"featured_media":449,"comment_status":"open","ping_status":"closed","template":"","meta":[],"product_brand":[],"product_cat":[20],"product_tag":[],"class_list":{"0":"post-448","1":"product","2":"type-product","3":"status-publish","4":"has-post-thumbnail","6":"product_cat-cachorros","8":"first","9":"instock","10":"shipping-taxable","11":"purchasable","12":"product-type-simple"},"_links":{"self":[{"href":"https:\/\/arqui360.com\/index.php\/wp-json\/wp\/v2\/product\/448","targetHints":{"allow":["GET"]}}],"collection":[{"href":"https:\/\/arqui360.com\/index.php\/wp-json\/wp\/v2\/product"}],"about":[{"href":"https:\/\/arqui360.com\/index.php\/wp-json\/wp\/v2\/types\/product"}],"replies":[{"embeddable":true,"href":"https:\/\/arqui360.com\/index.php\/wp-json\/wp\/v2\/comments?post=448"}],"wp:featuredmedia":[{"embeddable":true,"href":"https:\/\/arqui360.com\/index.php\/wp-json\/wp\/v2\/media\/449"}],"wp:attachment":[{"href":"https:\/\/arqui360.com\/index.php\/wp-json\/wp\/v2\/media?parent=448"}],"wp:term":[{"taxonomy":"product_brand","embeddable":true,"href":"https:\/\/arqui360.com\/index.php\/wp-json\/wp\/v2\/product_brand?post=448"},{"taxonomy":"product_cat","embeddable":true,"href":"https:\/\/arqui360.com\/index.php\/wp-json\/wp\/v2\/product_cat?post=448"},{"taxonomy":"product_tag","embeddable":true,"href":"https:\/\/arqui360.com\/index.php\/wp-json\/wp\/v2\/product_tag?post=448"}],"curies":[{"name":"wp","href":"https:\/\/api.w.org\/{rel}","templated":true}]}}