{"id":453,"date":"2026-02-03T09:52:04","date_gmt":"2026-02-03T12:52:04","guid":{"rendered":"https:\/\/arqui360.com\/?post_type=product&#038;p=453"},"modified":"2026-02-03T09:52:04","modified_gmt":"2026-02-03T12:52:04","slug":"shampoo-vegano-de-melancia-3-em-1-500ml-club-pet","status":"publish","type":"product","link":"https:\/\/arqui360.com\/index.php\/product\/shampoo-vegano-de-melancia-3-em-1-500ml-club-pet\/","title":{"rendered":"Shampoo Vegano De Melancia 3 Em 1 500ml Club Pet"},"content":{"rendered":"","protected":false},"excerpt":{"rendered":"<h3>Indica\u00e7\u00e3o:<br \/>\nO shampoo vegano 3X1 mel\u00e2ncia da club pet \u00e9 indicado para caes E gatos. composto por ingredientes que auxiliam A hidrata\u00e7\u00e3o dos pelos, deixando-os mais sedosos, facilitando A escova\u00e7\u00e3o.<br \/>\ncomposi\u00e7\u00e3o: lauril eter sulfato de sodio, cocoamidopropilbetaina, hydroxyethil urea, vitaminas A e b, essencia, conservante, veiculo q. S. P<br \/>\nmodo de usar: aplique no animal molhado, massegeando-o. deixe agir por alguns minutos, enxague com abund\u00e2ncia. dispensa O uso de condicionador.<\/h3>\n","protected":false},"featured_media":454,"comment_status":"open","ping_status":"closed","template":"","meta":[],"product_brand":[],"product_cat":[20],"product_tag":[],"class_list":{"0":"post-453","1":"product","2":"type-product","3":"status-publish","4":"has-post-thumbnail","6":"product_cat-cachorros","8":"first","9":"instock","10":"shipping-taxable","11":"purchasable","12":"product-type-simple"},"_links":{"self":[{"href":"https:\/\/arqui360.com\/index.php\/wp-json\/wp\/v2\/product\/453","targetHints":{"allow":["GET"]}}],"collection":[{"href":"https:\/\/arqui360.com\/index.php\/wp-json\/wp\/v2\/product"}],"about":[{"href":"https:\/\/arqui360.com\/index.php\/wp-json\/wp\/v2\/types\/product"}],"replies":[{"embeddable":true,"href":"https:\/\/arqui360.com\/index.php\/wp-json\/wp\/v2\/comments?post=453"}],"wp:featuredmedia":[{"embeddable":true,"href":"https:\/\/arqui360.com\/index.php\/wp-json\/wp\/v2\/media\/454"}],"wp:attachment":[{"href":"https:\/\/arqui360.com\/index.php\/wp-json\/wp\/v2\/media?parent=453"}],"wp:term":[{"taxonomy":"product_brand","embeddable":true,"href":"https:\/\/arqui360.com\/index.php\/wp-json\/wp\/v2\/product_brand?post=453"},{"taxonomy":"product_cat","embeddable":true,"href":"https:\/\/arqui360.com\/index.php\/wp-json\/wp\/v2\/product_cat?post=453"},{"taxonomy":"product_tag","embeddable":true,"href":"https:\/\/arqui360.com\/index.php\/wp-json\/wp\/v2\/product_tag?post=453"}],"curies":[{"name":"wp","href":"https:\/\/api.w.org\/{rel}","templated":true}]}}