{"id":459,"date":"2026-02-03T10:27:55","date_gmt":"2026-02-03T13:27:55","guid":{"rendered":"https:\/\/arqui360.com\/?post_type=product&#038;p=459"},"modified":"2026-02-03T10:27:55","modified_gmt":"2026-02-03T13:27:55","slug":"racao-bionatural-gatos-castrados-frango-15kg-envio-rapido","status":"publish","type":"product","link":"https:\/\/arqui360.com\/index.php\/product\/racao-bionatural-gatos-castrados-frango-15kg-envio-rapido\/","title":{"rendered":"Racao Bionatural Gatos Castrados Frango 1,5kg Envio Rapido"},"content":{"rendered":"","protected":false},"excerpt":{"rendered":"<p>Bionatural Gatos Castrados Frango<\/p>\n<p>Bionatural Gatos Castrados Frango \u00e9 uma ra\u00e7\u00e3o super premium natural desenvolvida especialmente para gatos adultos castrados. Sua f\u00f3rmula exclusiva com carnes frescas de frango, frutas e ingredientes naturais selecionados proporciona nutri\u00e7\u00e3o completa, controle do peso ideal e sa\u00fade do trato urin\u00e1rio, promovendo bem-estar, vitalidade e qualidade de vida para seu felino.<\/p>\n<p>Esp\u00e9cie: Gatos<\/p>\n<p>Indica\u00e7\u00e3o por idade: Adulto (castrados)<\/p>\n<p>Indica\u00e7\u00e3o por porte: Todos os portes<\/p>\n<p>Ingredientes Principais: Carne fresca de frango<br \/>\nLaranja<br \/>\nCranberry<br \/>\nSementes de chia<\/p>\n<p>Composi\u00e7\u00e3o:Carne fresca (m\u00edn. 3% &#8211; carne mecanicamente separada de frango e f\u00edgado de su\u00ednos), prote\u00edna hidrolisada de frango, farinha de v\u00edsceras de aves, farinha de torresmo, ovo em p\u00f3, plasma sangu\u00edneo desidratado de su\u00edno, arroz quebrado, sorgo integral mo\u00eddo, \u00f4mega 3 (\u00f3leo de peixes e biomassa de microalgas &#8211; Schizochytrium sp.), \u00f3leo de aves, gr\u00e3o de cevada, sementes de chia (m\u00edn. 0,10%), cranberry (m\u00edn. 0,015%), laranja (m\u00edn. 1%), maracuj\u00e1, fibra de mandioca, levedura de cervejaria inativada desidratada, extrato de Yucca schidigera, aditivo prebi\u00f3tico (mananoligossacar\u00eddeos), aditivos probi\u00f3ticos (Bifidobacterium lactis e Lacticaseibacillus rhamnosus), hidrolisado de f\u00edgado de su\u00ednos, hexametafosfato de s\u00f3dio, regulador de acidez, antioxidantes naturais (concentrado de tocoferol, extrato de alecrim, extrato de ch\u00e1 verde), extrato de menta, hortel\u00e3, L-carnitina, DL-metionina, taurina, cloreto de s\u00f3dio, cloreto de pot\u00e1ssio, vitaminas (A, D3, E, K3, B1, B2, B6, B12, C, niacina, colina, \u00e1cido pantot\u00eanico, \u00e1cido f\u00f3lico, biotina), minerais org\u00e2nicos, levedura enriquecida com sel\u00eanio, \u00e1cido propi\u00f4nico, parede celular de levedura.<\/p>\n","protected":false},"featured_media":460,"comment_status":"open","ping_status":"closed","template":"","meta":[],"product_brand":[],"product_cat":[21],"product_tag":[],"class_list":{"0":"post-459","1":"product","2":"type-product","3":"status-publish","4":"has-post-thumbnail","6":"product_cat-gatos","8":"first","9":"instock","10":"shipping-taxable","11":"purchasable","12":"product-type-simple"},"_links":{"self":[{"href":"https:\/\/arqui360.com\/index.php\/wp-json\/wp\/v2\/product\/459","targetHints":{"allow":["GET"]}}],"collection":[{"href":"https:\/\/arqui360.com\/index.php\/wp-json\/wp\/v2\/product"}],"about":[{"href":"https:\/\/arqui360.com\/index.php\/wp-json\/wp\/v2\/types\/product"}],"replies":[{"embeddable":true,"href":"https:\/\/arqui360.com\/index.php\/wp-json\/wp\/v2\/comments?post=459"}],"wp:featuredmedia":[{"embeddable":true,"href":"https:\/\/arqui360.com\/index.php\/wp-json\/wp\/v2\/media\/460"}],"wp:attachment":[{"href":"https:\/\/arqui360.com\/index.php\/wp-json\/wp\/v2\/media?parent=459"}],"wp:term":[{"taxonomy":"product_brand","embeddable":true,"href":"https:\/\/arqui360.com\/index.php\/wp-json\/wp\/v2\/product_brand?post=459"},{"taxonomy":"product_cat","embeddable":true,"href":"https:\/\/arqui360.com\/index.php\/wp-json\/wp\/v2\/product_cat?post=459"},{"taxonomy":"product_tag","embeddable":true,"href":"https:\/\/arqui360.com\/index.php\/wp-json\/wp\/v2\/product_tag?post=459"}],"curies":[{"name":"wp","href":"https:\/\/api.w.org\/{rel}","templated":true}]}}