{"id":470,"date":"2026-02-03T10:54:39","date_gmt":"2026-02-03T13:54:39","guid":{"rendered":"https:\/\/arqui360.com\/?post_type=product&#038;p=470"},"modified":"2026-02-03T10:54:39","modified_gmt":"2026-02-03T13:54:39","slug":"racao-premier-amb-int-gato-adulto-pelos-longos-frango-15kg","status":"publish","type":"product","link":"https:\/\/arqui360.com\/index.php\/product\/racao-premier-amb-int-gato-adulto-pelos-longos-frango-15kg\/","title":{"rendered":"Ra\u00e7\u00e3o Premier Amb Int Gato Adulto Pelos Longos Frango 1,5kg"},"content":{"rendered":"","protected":false},"excerpt":{"rendered":"<p>A Royal Canin produz alimentos focados nas necessidades \u00fanicas do seu animal de estima\u00e7\u00e3o, fornece nutri\u00e7\u00e3o espec\u00edfica e eficaz, e ajuda-o a se tornar na sua melhor vers\u00e3o.<\/p>\n<p>Seu animal de estima\u00e7\u00e3o sempre saud\u00e1vel<br \/>\nUma alimenta\u00e7\u00e3o balanceada \u00e9 essencial para que o seu fiel companheiro se mantenha saud\u00e1vel e forte. A dieta do seu gato \u00e9 refletida na sua pelagem, por isso \u00e9 de vital import\u00e2ncia que contenha todos os nutrientes necess\u00e1rios para o seu crescimento. Garanta a energia e a vitalidade do seu amigo para que ele possa correr, pular e jogar o dia todo.<\/p>\n<p>Benef\u00edcios do alimento seco<br \/>\nA maior vantagem do alimento seco para animais de estima\u00e7\u00e3o \u00e9 que ele pode ser armazenado por muito mais tempo sem se deteriorar e evita o aparecimento de fungos ou bact\u00e9rias. Al\u00e9m disso, este tipo de alimento ajuda a remover o t\u00e1rtaro e atrasar a forma\u00e7\u00e3o da placa dent\u00e1ria com o processo de mastiga\u00e7\u00e3o e tritura\u00e7\u00e3o.<\/p>\n","protected":false},"featured_media":471,"comment_status":"open","ping_status":"closed","template":"","meta":[],"product_brand":[],"product_cat":[21],"product_tag":[],"class_list":{"0":"post-470","1":"product","2":"type-product","3":"status-publish","4":"has-post-thumbnail","6":"product_cat-gatos","8":"first","9":"instock","10":"shipping-taxable","11":"purchasable","12":"product-type-simple"},"_links":{"self":[{"href":"https:\/\/arqui360.com\/index.php\/wp-json\/wp\/v2\/product\/470","targetHints":{"allow":["GET"]}}],"collection":[{"href":"https:\/\/arqui360.com\/index.php\/wp-json\/wp\/v2\/product"}],"about":[{"href":"https:\/\/arqui360.com\/index.php\/wp-json\/wp\/v2\/types\/product"}],"replies":[{"embeddable":true,"href":"https:\/\/arqui360.com\/index.php\/wp-json\/wp\/v2\/comments?post=470"}],"wp:featuredmedia":[{"embeddable":true,"href":"https:\/\/arqui360.com\/index.php\/wp-json\/wp\/v2\/media\/471"}],"wp:attachment":[{"href":"https:\/\/arqui360.com\/index.php\/wp-json\/wp\/v2\/media?parent=470"}],"wp:term":[{"taxonomy":"product_brand","embeddable":true,"href":"https:\/\/arqui360.com\/index.php\/wp-json\/wp\/v2\/product_brand?post=470"},{"taxonomy":"product_cat","embeddable":true,"href":"https:\/\/arqui360.com\/index.php\/wp-json\/wp\/v2\/product_cat?post=470"},{"taxonomy":"product_tag","embeddable":true,"href":"https:\/\/arqui360.com\/index.php\/wp-json\/wp\/v2\/product_tag?post=470"}],"curies":[{"name":"wp","href":"https:\/\/api.w.org\/{rel}","templated":true}]}}