{"id":472,"date":"2026-02-03T11:28:05","date_gmt":"2026-02-03T14:28:05","guid":{"rendered":"https:\/\/arqui360.com\/?post_type=product&#038;p=472"},"modified":"2026-02-03T11:28:05","modified_gmt":"2026-02-03T14:28:05","slug":"pack-racao-umida-whiskas-para-gatos-adultos-castrados-sache-carne-ao-molho-85g","status":"publish","type":"product","link":"https:\/\/arqui360.com\/index.php\/product\/pack-racao-umida-whiskas-para-gatos-adultos-castrados-sache-carne-ao-molho-85g\/","title":{"rendered":"Pack Ra\u00e7\u00e3o \u00damida Whiskas para Gatos Adultos Castrados Sach\u00ea Carne ao Molho, 85g"},"content":{"rendered":"<div class=\"ui-pdp-container__row ui-pdp-container__row--highlighted-features-title\">\n<h2 class=\"ui-vpp-text-alignment--left ui-pdp-color--BLACK ui-pdp-size--XSMALL ui-pdp-family--SEMIBOLD highlighted-features-title\">O que voc\u00ea precisa saber sobre este produto<\/h2>\n<\/div>\n<div class=\"ui-pdp-container__row ui-pdp-container__row--highlighted-features\">\n<div class=\"ui-vpp-highlighted-specs__features\">\n<ul class=\"ui-vpp-highlighted-specs__features-list\">\n<li class=\"ui-vpp-highlighted-specs__features-list-item ui-pdp-color--BLACK ui-pdp-size--XSMALL ui-pdp-family--REGULAR\">Feito com ingredientes naturais, sem conservantes e corantes artificiais.<\/li>\n<li class=\"ui-vpp-highlighted-specs__features-list-item ui-pdp-color--BLACK ui-pdp-size--XSMALL ui-pdp-family--REGULAR\">Ajudar a manter a sa\u00fade do trato urin\u00e1rio.<\/li>\n<li class=\"ui-vpp-highlighted-specs__features-list-item ui-pdp-color--BLACK ui-pdp-size--XSMALL ui-pdp-family--REGULAR\">Por\u00e7\u00e3o ideal de prote\u00edna, vitaminas e sais minerais.<\/li>\n<li class=\"ui-vpp-highlighted-specs__features-list-item ui-pdp-color--BLACK ui-pdp-size--XSMALL ui-pdp-family--REGULAR\">Embalagem pr\u00e1tica e f\u00e1cil de abrir.<\/li>\n<li class=\"ui-vpp-highlighted-specs__features-list-item ui-pdp-color--BLACK ui-pdp-size--XSMALL ui-pdp-family--REGULAR\">Ajuda na manuten\u00e7\u00e3o do peso.<\/li>\n<\/ul>\n<\/div>\n<\/div>\n","protected":false},"excerpt":{"rendered":"<p>Caixa Alimento \u00damido Whiskas Castrados Carne &#8211; 20 Sach\u00eas, 85g cada<\/p>\n<p>Inclua o alimento \u00famido nas refei\u00e7\u00f5es do seu gato pelo menos 1 vez ao dia e mantenha-o sempre saud\u00e1vel. Toda mudan\u00e7a na alimenta\u00e7\u00e3o deve ser feita de forma gradual. Inicie oferecendo 1 sach\u00ea ao dia dividido entre 2 refei\u00e7\u00f5es e aumente a quantidade nos pr\u00f3ximos 7 dias. Mantenha sempre \u00e1gua fresca \u00e0 disposi\u00e7\u00e3o do seu gato.<br \/>\nFeito com ingredientes naturais de alta qualidade, vitaminas e minerais.<br \/>\nSem conservantes, sem corantes artificiais e sem aromatizantes artificiais.<br \/>\nSuculentos pedacinhos cozidos a vapor.<br \/>\nAjuda a manter a sa\u00fade do trato urin\u00e1rio.<br \/>\nAjuda na manuten\u00e7\u00e3o do peso.<br \/>\nPor\u00e7\u00e3o ideal de prote\u00edna, vitaminas e sais minerais.<\/p>\n<p>Embalagem, pr\u00e1tica, f\u00e1cil de abrir e que cont\u00e9m a medida certa para uma refei\u00e7\u00e3o saud\u00e1vel, completa e balanceada.<\/p>\n<p>Ingredientes:<br \/>\nMi\u00fados de bovino, mi\u00fados de su\u00ednos, carca\u00e7a de frango, hemoglobina desidratada de su\u00edno, plasma sangu\u00edneo desidratado de su\u00edno, farinha de trigo, celulose, \u00e1gua, amido de milho, taurina, minerais (tripolifosfato de s\u00f3dio, sulfato de cobre pentahidratado, iodato de c\u00e1lcio, \u00f3xido de zinco, \u00f3xido de mangan\u00eas, \u00f3xido de magn\u00e9sio), vitaminas (D3, E, C, B1, B2, B6, K3, cloreto de colina, niacina, \u00e1cido f\u00f3lico), xilose, glicina, caramelo IV, goma xantana, cloreto de s\u00f3dio &#8211; sal comum, cloreto de pot\u00e1ssio.<br \/>\nEventuais substitutivos: Carne mecanicamente separada de frango, mi\u00fado de ave, gordura de frango, cabe\u00e7a de frango, p\u00e9 de frango, polpa de beterraba, gl\u00faten de trigo, prote\u00edna concentrada de soja, fosfato bic\u00e1lcico.<\/p>\n","protected":false},"featured_media":473,"comment_status":"open","ping_status":"closed","template":"","meta":[],"product_brand":[],"product_cat":[21],"product_tag":[],"class_list":{"0":"post-472","1":"product","2":"type-product","3":"status-publish","4":"has-post-thumbnail","6":"product_cat-gatos","8":"first","9":"instock","10":"shipping-taxable","11":"purchasable","12":"product-type-simple"},"_links":{"self":[{"href":"https:\/\/arqui360.com\/index.php\/wp-json\/wp\/v2\/product\/472","targetHints":{"allow":["GET"]}}],"collection":[{"href":"https:\/\/arqui360.com\/index.php\/wp-json\/wp\/v2\/product"}],"about":[{"href":"https:\/\/arqui360.com\/index.php\/wp-json\/wp\/v2\/types\/product"}],"replies":[{"embeddable":true,"href":"https:\/\/arqui360.com\/index.php\/wp-json\/wp\/v2\/comments?post=472"}],"wp:featuredmedia":[{"embeddable":true,"href":"https:\/\/arqui360.com\/index.php\/wp-json\/wp\/v2\/media\/473"}],"wp:attachment":[{"href":"https:\/\/arqui360.com\/index.php\/wp-json\/wp\/v2\/media?parent=472"}],"wp:term":[{"taxonomy":"product_brand","embeddable":true,"href":"https:\/\/arqui360.com\/index.php\/wp-json\/wp\/v2\/product_brand?post=472"},{"taxonomy":"product_cat","embeddable":true,"href":"https:\/\/arqui360.com\/index.php\/wp-json\/wp\/v2\/product_cat?post=472"},{"taxonomy":"product_tag","embeddable":true,"href":"https:\/\/arqui360.com\/index.php\/wp-json\/wp\/v2\/product_tag?post=472"}],"curies":[{"name":"wp","href":"https:\/\/api.w.org\/{rel}","templated":true}]}}